{"id":3,"date":"2023-11-22T06:53:06","date_gmt":"2023-11-22T06:53:06","guid":{"rendered":"https:\/\/talezly.com\/?page_id=3"},"modified":"2023-12-04T15:19:26","modified_gmt":"2023-12-04T15:19:26","slug":"terms","status":"publish","type":"page","link":"https:\/\/talezly.com\/de\/terms\/","title":{"rendered":"Bedingungen"},"content":{"rendered":"<div data-elementor-type=\"wp-page\" data-elementor-id=\"3\" class=\"elementor elementor-3\" data-elementor-post-type=\"page\">\n\t\t\t\t<div class=\"elementor-element elementor-element-38005090 e-flex e-con-boxed e-con e-parent\" data-id=\"38005090\" data-element_type=\"container\" data-core-v316-plus=\"true\">\n\t\t\t\t\t<div class=\"e-con-inner\">\n\t\t\t\t<div class=\"elementor-element elementor-element-5498125e mas-addons-sticky-no elementor-widget elementor-widget-text-editor\" data-id=\"5498125e\" data-element_type=\"widget\" data-settings=\"{&quot;mas_addons_sticky&quot;:&quot;no&quot;}\" data-widget_type=\"text-editor.default\">\n\t\t\t\t<div class=\"elementor-widget-container\">\n\t\t\t<style>\/*! elementor - v3.20.0 - 20-03-2024 *\/\n.elementor-widget-text-editor.elementor-drop-cap-view-stacked .elementor-drop-cap{background-color:#69727d;color:#fff}.elementor-widget-text-editor.elementor-drop-cap-view-framed .elementor-drop-cap{color:#69727d;border:3px solid;background-color:transparent}.elementor-widget-text-editor:not(.elementor-drop-cap-view-default) .elementor-drop-cap{margin-top:8px}.elementor-widget-text-editor:not(.elementor-drop-cap-view-default) .elementor-drop-cap-letter{width:1em;height:1em}.elementor-widget-text-editor .elementor-drop-cap{float:left;text-align:center;line-height:1;font-size:50px}.elementor-widget-text-editor .elementor-drop-cap-letter{display:inline-block}<\/style>\t\t\t\t<!-- wp:heading -->\n<div class=\"w-full text-token-text-primary\" data-testid=\"conversation-turn-5\">\n<div class=\"px-4 py-2 justify-center text-base md:gap-6 m-auto\">\n<div class=\"flex flex-1 text-base mx-auto gap-3 md:px-5 lg:px-1 xl:px-5 md:max-w-3xl lg:max-w-[40rem] xl:max-w-[48rem] } group\">\n<div class=\"relative flex w-full flex-col lg:w-[calc(100%-115px)] agent-turn\">\n<div class=\"flex-col gap-1 md:gap-3\">\n<div class=\"flex flex-grow flex-col max-w-full\">\n<div class=\"min-h-[20px] text-message flex flex-col items-start gap-3 whitespace-pre-wrap break-words [.text-message+&amp;]:mt-5 overflow-x-auto\" data-message-author-role=\"assistant\" data-message-id=\"06cd8761-fc79-4fd6-a693-9a53c1425179\">\n<div class=\"markdown prose w-full break-words dark:prose-invert dark\">\n<h3>Allgemeine Gesch\u00e4ftsbedingungen f\u00fcr Fablea<\/h3>\n<p><strong>1. Annahme der Bedingungen<\/strong> Durch den Zugriff auf oder die Nutzung von Fablea, einem Produkt von Canigou &amp; Co (SIRET: 952825727), mit Sitz in Frankreich, 9 Rue des Colonnes, 75002 Paris, erkl\u00e4ren sich Benutzer mit diesen Allgemeinen Gesch\u00e4ftsbedingungen einverstanden.<\/p>\n<p><strong>2. Benutzerberechtigung<\/strong> Fablea ist f\u00fcr Benutzer jeden Alters verf\u00fcgbar. Kinder unter 18 Jahren sollten die App unter Aufsicht eines Elternteils oder Erziehungsberechtigten nutzen.<\/p>\n<p><strong>3. Personalisierung und Inhaltserstellung<\/strong><\/p>\n<ul>\n<li>Benutzer k\u00f6nnen Geschichten personalisieren, indem sie Kriterien wie Name, Alter, Geschichtentyp und Thema angeben.<\/li>\n<li>Die generierten Geschichten sind Eigentum von Canigou &amp; Co und d\u00fcrfen ohne ausdr\u00fcckliche Genehmigung nicht f\u00fcr kommerzielle Zwecke verwendet werden.<\/li>\n<\/ul>\n<p><strong>4. Datenschutz<\/strong><\/p>\n<ul>\n<li>Wir respektieren die Privatsph\u00e4re der Benutzer und speichern nur minimale Daten (Benutzername und generierte Geschichten) ausschlie\u00dflich zur Personalisierung des App-Erlebnisses und zur Verbesserung unserer KI.<\/li>\n<li>Ohne Einwilligung des Nutzers werden keine personenbezogenen Daten an Dritte weitergegeben, es sei denn, dies ist gesetzlich vorgeschrieben.<\/li>\n<\/ul>\n<p><strong>5. Credits und Abonnement<\/strong><\/p>\n<ul>\n<li>Fablea arbeitet mit einem Credit-System, bei dem Benutzer Credits ausgeben, um Geschichten und Audios zu erstellen.<\/li>\n<li>Nutzer k\u00f6nnen Credits durch In-App-K\u00e4ufe oder \u00fcber ein Premium-Abonnementmodell erhalten, das zus\u00e4tzliche Vorteile beinhalten kann.<\/li>\n<\/ul>\n<p><strong>6. Nutzerverhalten<\/strong><\/p>\n<ul>\n<li>Benutzer d\u00fcrfen keine Inhalte erstellen, die unangemessen sind oder das Image und den Ruf von Canigou &amp; Co. sch\u00e4digen k\u00f6nnten.<\/li>\n<li>Ein Versto\u00df gegen diese Verhaltensrichtlinien kann zur Sperrung oder K\u00fcndigung des Kontos f\u00fchren.<\/li>\n<\/ul>\n<p><strong>7. Kontoaufl\u00f6sung<\/strong><\/p>\n<ul>\n<li>Benutzer k\u00f6nnen ihr Konto \u00fcber ihre Profilseite l\u00f6schen.<\/li>\n<li>Mit der L\u00f6schung des Kontos werden alle damit verbundenen Daten dauerhaft von unseren Servern entfernt.<\/li>\n<\/ul>\n<p><strong>8. \u00c4nderungen der Bedingungen<\/strong> Wir behalten uns das Recht vor, diese Bedingungen jederzeit zu \u00e4ndern.<\/p>\n<\/div>\n<\/div>\n<\/div>\n<\/div>\n<\/div>\n<\/div>\n<\/div>\n<\/div>\n<div class=\"w-full text-token-text-primary\" data-testid=\"conversation-turn-7\">\n<div class=\"px-4 py-2 justify-center text-base md:gap-6 m-auto\">\n<div class=\"flex flex-1 text-base mx-auto gap-3 md:px-5 lg:px-1 xl:px-5 md:max-w-3xl lg:max-w-[40rem] xl:max-w-[48rem] } group final-completion\">\n<div class=\"relative flex w-full flex-col lg:w-[calc(100%-115px)] agent-turn\">\n<div class=\"flex-col gap-1 md:gap-3\">\n<div class=\"flex flex-grow flex-col max-w-full\">\n<div class=\"min-h-[20px] text-message flex flex-col items-start gap-3 whitespace-pre-wrap break-words [.text-message+&amp;]:mt-5 overflow-x-auto\" data-message-author-role=\"assistant\" data-message-id=\"69511fa0-8859-4d27-b9cb-f3c46be74ce5\">\n<div class=\"markdown prose w-full break-words dark:prose-invert dark\">\n<p><strong>9. Geistige Eigentumsrechte<\/strong><\/p>\n<ul>\n<li>Alle von Fablea generierten Inhalte, einschlie\u00dflich personalisierter Geschichten, sind geistiges Eigentum von Canigou &amp; Co.<\/li>\n<li>Den Nutzern wird eine nicht ausschlie\u00dfliche, nicht \u00fcbertragbare Lizenz zur Nutzung der Inhalte f\u00fcr pers\u00f6nliche, nicht kommerzielle Zwecke einger\u00e4umt.<\/li>\n<\/ul>\n<p><strong>10. Haftung und Haftungsausschluss<\/strong><\/p>\n<ul>\n<li>Canigou &amp; Co haftet nicht f\u00fcr indirekte, zuf\u00e4llige, besondere, Folge- oder Strafsch\u00e4den, die sich aus der Nutzung von Fablea ergeben.<\/li>\n<li>Wir \u00fcbernehmen keine Gew\u00e4hr f\u00fcr die Richtigkeit, Vollst\u00e4ndigkeit oder N\u00fctzlichkeit der Informationen in der App und lehnen jegliche Haftung f\u00fcr Fehler oder andere Ungenauigkeiten im Zusammenhang mit den bereitgestellten Inhalten oder Informationen ab.<\/li>\n<\/ul>\n<p><strong>11. Kontaktinformationen<\/strong> Bei Fragen oder Bedenken bez\u00fcglich dieser Allgemeinen Gesch\u00e4ftsbedingungen k\u00f6nnen Benutzer Canigou &amp; Co unter der angegebenen Adresse oder \u00fcber unsere ausgewiesenen Kundendienstkan\u00e4le kontaktieren.<\/p>\n<\/div>\n<\/div>\n<\/div>\n<\/div>\n<\/div>\n<\/div>\n<\/div>\n<\/div>\n<!-- \/wp:paragraph -->\t\t\t\t\t\t<\/div>\n\t\t\t\t<\/div>\n\t\t\t\t\t<\/div>\n\t\t\t\t<\/div>\n\t\t\t\t<\/div>","protected":false},"excerpt":{"rendered":"<p>Allgemeine Gesch\u00e4ftsbedingungen f\u00fcr Fablea 1. Annahme der Bedingungen Durch den Zugriff auf oder die Nutzung von Fablea, einem Produkt von Canigou &amp; Co (SIRET: 952825727) mit Sitz in Frankreich, 9 Rue des Colonnes, 75002 Paris, erkl\u00e4ren sich Nutzer mit diesen Allgemeinen Gesch\u00e4ftsbedingungen einverstanden. 2. Nutzerberechtigung Fablea ist f\u00fcr Nutzer jeden Alters verf\u00fcgbar. Kinder unter [\u2026]<\/p>","protected":false},"author":1,"featured_media":0,"parent":0,"menu_order":0,"comment_status":"closed","ping_status":"closed","template":"","meta":{"inline_featured_image":false,"footnotes":""},"acf":[],"yoast_head":"<!-- This site is optimized with the Yoast SEO plugin v22.3 - https:\/\/yoast.com\/wordpress\/plugins\/seo\/ -->\n<title>Terms - Talezly.com<\/title>\n<meta name=\"robots\" content=\"index, follow, max-snippet:-1, max-image-preview:large, max-video-preview:-1\" \/>\n<link rel=\"canonical\" href=\"https:\/\/talezly.com\/de\/terms\/\" \/>\n<meta property=\"og:locale\" content=\"de_DE\" \/>\n<meta property=\"og:type\" content=\"article\" \/>\n<meta property=\"og:title\" content=\"Terms - Talezly.com\" \/>\n<meta property=\"og:description\" content=\"Terms and Conditions for Fablea 1. Acceptance of Terms By accessing or using Fablea, a product of Canigou &amp; Co (SIRET: 952825727), based in France at 9 Rue des Colonnes, 75002 Paris, users agree to be bound by these terms and conditions. 2. User Eligibility Fablea is available for users of all ages. Children under [&hellip;]\" \/>\n<meta property=\"og:url\" content=\"https:\/\/talezly.com\/de\/terms\/\" \/>\n<meta property=\"og:site_name\" content=\"Talezly.com\" \/>\n<meta property=\"article:modified_time\" content=\"2023-12-04T15:19:26+00:00\" \/>\n<meta name=\"twitter:card\" content=\"summary_large_image\" \/>\n<meta name=\"twitter:label1\" content=\"Gesch\u00e4tzte Lesezeit\" \/>\n\t<meta name=\"twitter:data1\" content=\"2 Minuten\" \/>\n<script type=\"application\/ld+json\" class=\"yoast-schema-graph\">{\"@context\":\"https:\/\/schema.org\",\"@graph\":[{\"@type\":\"WebPage\",\"@id\":\"https:\/\/talezly.com\/terms\/\",\"url\":\"https:\/\/talezly.com\/terms\/\",\"name\":\"Terms - Talezly.com\",\"isPartOf\":{\"@id\":\"https:\/\/talezly.com\/en\/#website\"},\"datePublished\":\"2023-11-22T06:53:06+00:00\",\"dateModified\":\"2023-12-04T15:19:26+00:00\",\"inLanguage\":\"de-DE\",\"potentialAction\":[{\"@type\":\"ReadAction\",\"target\":[\"https:\/\/talezly.com\/terms\/\"]}]},{\"@type\":\"WebSite\",\"@id\":\"https:\/\/talezly.com\/en\/#website\",\"url\":\"https:\/\/talezly.com\/en\/\",\"name\":\"Talezly.com\",\"description\":\"Your personalized bedtime stories\",\"publisher\":{\"@id\":\"https:\/\/talezly.com\/en\/#organization\"},\"potentialAction\":[{\"@type\":\"SearchAction\",\"target\":{\"@type\":\"EntryPoint\",\"urlTemplate\":\"https:\/\/talezly.com\/en\/?s={search_term_string}\"},\"query-input\":\"required name=search_term_string\"}],\"inLanguage\":\"de-DE\"},{\"@type\":\"Organization\",\"@id\":\"https:\/\/talezly.com\/en\/#organization\",\"name\":\"Talezly.com\",\"url\":\"https:\/\/talezly.com\/en\/\",\"logo\":{\"@type\":\"ImageObject\",\"inLanguage\":\"de-DE\",\"@id\":\"https:\/\/talezly.com\/en\/#\/schema\/logo\/image\/\",\"url\":\"https:\/\/talezly.com\/wp-content\/uploads\/2023\/11\/Talezly-Logo-White.png\",\"contentUrl\":\"https:\/\/talezly.com\/wp-content\/uploads\/2023\/11\/Talezly-Logo-White.png\",\"width\":425,\"height\":188,\"caption\":\"Talezly.com\"},\"image\":{\"@id\":\"https:\/\/talezly.com\/en\/#\/schema\/logo\/image\/\"},\"sameAs\":[\"https:\/\/www.linkedin.com\/company\/mystorica-app\/\"]}]}<\/script>\n<!-- \/ Yoast SEO plugin. -->","yoast_head_json":{"title":"Terms - Talezly.com","robots":{"index":"index","follow":"follow","max-snippet":"max-snippet:-1","max-image-preview":"max-image-preview:large","max-video-preview":"max-video-preview:-1"},"canonical":"https:\/\/talezly.com\/de\/terms\/","og_locale":"de_DE","og_type":"article","og_title":"Terms - Talezly.com","og_description":"Terms and Conditions for Fablea 1. Acceptance of Terms By accessing or using Fablea, a product of Canigou &amp; Co (SIRET: 952825727), based in France at 9 Rue des Colonnes, 75002 Paris, users agree to be bound by these terms and conditions. 2. User Eligibility Fablea is available for users of all ages. Children under [&hellip;]","og_url":"https:\/\/talezly.com\/de\/terms\/","og_site_name":"Talezly.com","article_modified_time":"2023-12-04T15:19:26+00:00","twitter_card":"summary_large_image","twitter_misc":{"Gesch\u00e4tzte Lesezeit":"2 Minuten"},"schema":{"@context":"https:\/\/schema.org","@graph":[{"@type":"WebPage","@id":"https:\/\/talezly.com\/terms\/","url":"https:\/\/talezly.com\/terms\/","name":"Terms - Talezly.com","isPartOf":{"@id":"https:\/\/talezly.com\/en\/#website"},"datePublished":"2023-11-22T06:53:06+00:00","dateModified":"2023-12-04T15:19:26+00:00","inLanguage":"de-DE","potentialAction":[{"@type":"ReadAction","target":["https:\/\/talezly.com\/terms\/"]}]},{"@type":"WebSite","@id":"https:\/\/talezly.com\/en\/#website","url":"https:\/\/talezly.com\/en\/","name":"Talezly.com","description":"Your personalized bedtime stories","publisher":{"@id":"https:\/\/talezly.com\/en\/#organization"},"potentialAction":[{"@type":"SearchAction","target":{"@type":"EntryPoint","urlTemplate":"https:\/\/talezly.com\/en\/?s={search_term_string}"},"query-input":"required name=search_term_string"}],"inLanguage":"de-DE"},{"@type":"Organization","@id":"https:\/\/talezly.com\/en\/#organization","name":"Talezly.com","url":"https:\/\/talezly.com\/en\/","logo":{"@type":"ImageObject","inLanguage":"de-DE","@id":"https:\/\/talezly.com\/en\/#\/schema\/logo\/image\/","url":"https:\/\/talezly.com\/wp-content\/uploads\/2023\/11\/Talezly-Logo-White.png","contentUrl":"https:\/\/talezly.com\/wp-content\/uploads\/2023\/11\/Talezly-Logo-White.png","width":425,"height":188,"caption":"Talezly.com"},"image":{"@id":"https:\/\/talezly.com\/en\/#\/schema\/logo\/image\/"},"sameAs":["https:\/\/www.linkedin.com\/company\/mystorica-app\/"]}]}},"_links":{"self":[{"href":"https:\/\/talezly.com\/de\/wp-json\/wp\/v2\/pages\/3"}],"collection":[{"href":"https:\/\/talezly.com\/de\/wp-json\/wp\/v2\/pages"}],"about":[{"href":"https:\/\/talezly.com\/de\/wp-json\/wp\/v2\/types\/page"}],"author":[{"embeddable":true,"href":"https:\/\/talezly.com\/de\/wp-json\/wp\/v2\/users\/1"}],"replies":[{"embeddable":true,"href":"https:\/\/talezly.com\/de\/wp-json\/wp\/v2\/comments?post=3"}],"version-history":[{"count":8,"href":"https:\/\/talezly.com\/de\/wp-json\/wp\/v2\/pages\/3\/revisions"}],"predecessor-version":[{"id":8712,"href":"https:\/\/talezly.com\/de\/wp-json\/wp\/v2\/pages\/3\/revisions\/8712"}],"wp:attachment":[{"href":"https:\/\/talezly.com\/de\/wp-json\/wp\/v2\/media?parent=3"}],"curies":[{"name":"wp","href":"https:\/\/api.w.org\/{rel}","templated":true}]}}