{"id":3,"date":"2023-11-22T06:53:06","date_gmt":"2023-11-22T06:53:06","guid":{"rendered":"https:\/\/talezly.com\/?page_id=3"},"modified":"2023-12-04T15:19:26","modified_gmt":"2023-12-04T15:19:26","slug":"terms","status":"publish","type":"page","link":"https:\/\/talezly.com\/es\/terms\/","title":{"rendered":"T\u00e9rminos"},"content":{"rendered":"<div data-elementor-type=\"wp-page\" data-elementor-id=\"3\" class=\"elementor elementor-3\" data-elementor-post-type=\"page\">\n\t\t\t\t<div class=\"elementor-element elementor-element-38005090 e-flex e-con-boxed e-con e-parent\" data-id=\"38005090\" data-element_type=\"container\" data-core-v316-plus=\"true\">\n\t\t\t\t\t<div class=\"e-con-inner\">\n\t\t\t\t<div class=\"elementor-element elementor-element-5498125e mas-addons-sticky-no elementor-widget elementor-widget-text-editor\" data-id=\"5498125e\" data-element_type=\"widget\" data-settings=\"{&quot;mas_addons_sticky&quot;:&quot;no&quot;}\" data-widget_type=\"text-editor.default\">\n\t\t\t\t<div class=\"elementor-widget-container\">\n\t\t\t<style>\/*! elementor - v3.20.0 - 20-03-2024 *\/\n.elementor-widget-text-editor.elementor-drop-cap-view-stacked .elementor-drop-cap{background-color:#69727d;color:#fff}.elementor-widget-text-editor.elementor-drop-cap-view-framed .elementor-drop-cap{color:#69727d;border:3px solid;background-color:transparent}.elementor-widget-text-editor:not(.elementor-drop-cap-view-default) .elementor-drop-cap{margin-top:8px}.elementor-widget-text-editor:not(.elementor-drop-cap-view-default) .elementor-drop-cap-letter{width:1em;height:1em}.elementor-widget-text-editor .elementor-drop-cap{float:left;text-align:center;line-height:1;font-size:50px}.elementor-widget-text-editor .elementor-drop-cap-letter{display:inline-block}<\/style>\t\t\t\t<!-- wp:heading -->\n<div class=\"w-full text-token-text-primary\" data-testid=\"conversation-turn-5\">\n<div class=\"px-4 py-2 justify-center text-base md:gap-6 m-auto\">\n<div class=\"flex flex-1 text-base mx-auto gap-3 md:px-5 lg:px-1 xl:px-5 md:max-w-3xl lg:max-w-[40rem] xl:max-w-[48rem] } group\">\n<div class=\"relative flex w-full flex-col lg:w-[calc(100%-115px)] agent-turn\">\n<div class=\"flex-col gap-1 md:gap-3\">\n<div class=\"flex flex-grow flex-col max-w-full\">\n<div class=\"min-h-[20px] text-message flex flex-col items-start gap-3 whitespace-pre-wrap break-words [.text-message+&amp;]:mt-5 overflow-x-auto\" data-message-author-role=\"assistant\" data-message-id=\"06cd8761-fc79-4fd6-a693-9a53c1425179\">\n<div class=\"markdown prose w-full break-words dark:prose-invert dark\">\n<h3>T\u00e9rminos y condiciones de Fablea<\/h3>\n<p><strong>1. Aceptaci\u00f3n de T\u00e9rminos<\/strong> Al acceder o utilizar Fablea, un producto de Canigou &amp; Co (SIRET: 952825727), con sede en Francia en 9 Rue des Colonnes, 75002 Par\u00eds, los usuarios aceptan estar sujetos a estos t\u00e9rminos y condiciones.<\/p>\n<p><strong>2. Elegibilidad del usuario<\/strong> Fablea est\u00e1 disponible para usuarios de todas las edades. Los ni\u00f1os menores de 18 a\u00f1os deben utilizar la aplicaci\u00f3n bajo la supervisi\u00f3n de un padre o tutor legal.<\/p>\n<p><strong>3. Personalizaci\u00f3n y creaci\u00f3n de contenido<\/strong><\/p>\n<ul>\n<li>Los usuarios pueden personalizar historias proporcionando criterios como nombre, edad, tipo de historia y tema.<\/li>\n<li>Las historias generadas son propiedad de Canigou &amp; Co y no pueden utilizarse con fines comerciales sin permiso expl\u00edcito.<\/li>\n<\/ul>\n<p><strong>4. Privacidad de datos<\/strong><\/p>\n<ul>\n<li>Respetamos la privacidad del usuario y almacenamos datos m\u00ednimos (nombre de usuario e historias generadas) \u00fanicamente para personalizar la experiencia de la aplicaci\u00f3n y mejorar nuestra IA.<\/li>\n<li>No se compartir\u00e1n datos personales con terceros sin el consentimiento del usuario, salvo que lo exija la ley.<\/li>\n<\/ul>\n<p><strong>5. Cr\u00e9ditos y suscripci\u00f3n<\/strong><\/p>\n<ul>\n<li>Fablea opera con un sistema de cr\u00e9dito donde los usuarios gastan cr\u00e9ditos para generar historias y audios.<\/li>\n<li>Los usuarios pueden obtener cr\u00e9ditos mediante compras dentro de la aplicaci\u00f3n o mediante un modelo de suscripci\u00f3n premium, que puede incluir beneficios adicionales.<\/li>\n<\/ul>\n<p><strong>6. Conducta del usuario<\/strong><\/p>\n<ul>\n<li>Los usuarios no deber\u00e1n generar contenidos que sean inapropiados o que puedan da\u00f1ar la imagen y reputaci\u00f3n de Canigou &amp; Co.<\/li>\n<li>La violaci\u00f3n de estas pautas de conducta puede resultar en la suspensi\u00f3n o cancelaci\u00f3n de la cuenta.<\/li>\n<\/ul>\n<p><strong>7. Terminaci\u00f3n de la cuenta<\/strong><\/p>\n<ul>\n<li>Los usuarios pueden eliminar su cuenta a trav\u00e9s de su p\u00e1gina de perfil.<\/li>\n<li>Tras la eliminaci\u00f3n de la cuenta, todos los datos asociados se eliminar\u00e1n permanentemente de nuestros servidores.<\/li>\n<\/ul>\n<p><strong>8. Modificaciones a los T\u00e9rminos<\/strong> Nos reservamos el derecho de modificar estos t\u00e9rminos en cualquier momento.<\/p>\n<\/div>\n<\/div>\n<\/div>\n<\/div>\n<\/div>\n<\/div>\n<\/div>\n<\/div>\n<div class=\"w-full text-token-text-primary\" data-testid=\"conversation-turn-7\">\n<div class=\"px-4 py-2 justify-center text-base md:gap-6 m-auto\">\n<div class=\"flex flex-1 text-base mx-auto gap-3 md:px-5 lg:px-1 xl:px-5 md:max-w-3xl lg:max-w-[40rem] xl:max-w-[48rem] } group final-completion\">\n<div class=\"relative flex w-full flex-col lg:w-[calc(100%-115px)] agent-turn\">\n<div class=\"flex-col gap-1 md:gap-3\">\n<div class=\"flex flex-grow flex-col max-w-full\">\n<div class=\"min-h-[20px] text-message flex flex-col items-start gap-3 whitespace-pre-wrap break-words [.text-message+&amp;]:mt-5 overflow-x-auto\" data-message-author-role=\"assistant\" data-message-id=\"69511fa0-8859-4d27-b9cb-f3c46be74ce5\">\n<div class=\"markdown prose w-full break-words dark:prose-invert dark\">\n<p><strong>9. Derechos de propiedad intelectual<\/strong><\/p>\n<ul>\n<li>Todo el contenido generado por Fablea, incluidas las historias personalizadas, es propiedad intelectual de Canigou &amp; Co.<\/li>\n<li>A los usuarios se les concede una licencia no exclusiva e intransferible para utilizar el contenido con fines personales y no comerciales.<\/li>\n<\/ul>\n<p><strong>10. Responsabilidad y exenci\u00f3n de responsabilidad<\/strong><\/p>\n<ul>\n<li>Canigou &amp; Co no es responsable de ning\u00fan da\u00f1o indirecto, incidental, especial, consecuente o punitivo que resulte del uso de Fablea.<\/li>\n<li>No garantizamos la exactitud, integridad o utilidad de la informaci\u00f3n contenida en la aplicaci\u00f3n y renunciamos a toda responsabilidad por cualquier error u otras inexactitudes relacionadas con el contenido o la informaci\u00f3n proporcionada.<\/li>\n<\/ul>\n<p><strong>11. Informaci\u00f3n de contacto<\/strong> Para cualquier consulta o inquietud con respecto a estos t\u00e9rminos y condiciones, los usuarios pueden comunicarse con Canigou &amp; Co en la direcci\u00f3n proporcionada o a trav\u00e9s de nuestros canales designados de atenci\u00f3n al cliente.<\/p>\n<\/div>\n<\/div>\n<\/div>\n<\/div>\n<\/div>\n<\/div>\n<\/div>\n<\/div>\n<!-- \/wp:paragraph -->\t\t\t\t\t\t<\/div>\n\t\t\t\t<\/div>\n\t\t\t\t\t<\/div>\n\t\t\t\t<\/div>\n\t\t\t\t<\/div>","protected":false},"excerpt":{"rendered":"<p>T\u00e9rminos y Condiciones de Fablea 1. Aceptaci\u00f3n de los T\u00e9rminos. Al acceder o utilizar Fablea, un producto de Canigou &amp; Co (SIRET: 952825727), con sede en Francia, 9 Rue des Colonnes, 75002 Par\u00eds, los usuarios aceptan estos t\u00e9rminos y condiciones. 2. Elegibilidad del Usuario. Fablea est\u00e1 disponible para usuarios de todas las edades. Ni\u00f1os menores de [\u2026]<\/p>","protected":false},"author":1,"featured_media":0,"parent":0,"menu_order":0,"comment_status":"closed","ping_status":"closed","template":"","meta":{"inline_featured_image":false,"footnotes":""},"acf":[],"yoast_head":"<!-- This site is optimized with the Yoast SEO plugin v22.3 - https:\/\/yoast.com\/wordpress\/plugins\/seo\/ -->\n<title>Terms - Talezly.com<\/title>\n<meta name=\"robots\" content=\"index, follow, max-snippet:-1, max-image-preview:large, max-video-preview:-1\" \/>\n<link rel=\"canonical\" href=\"https:\/\/talezly.com\/es\/terms\/\" \/>\n<meta property=\"og:locale\" content=\"es_ES\" \/>\n<meta property=\"og:type\" content=\"article\" \/>\n<meta property=\"og:title\" content=\"Terms - Talezly.com\" \/>\n<meta property=\"og:description\" content=\"Terms and Conditions for Fablea 1. Acceptance of Terms By accessing or using Fablea, a product of Canigou &amp; Co (SIRET: 952825727), based in France at 9 Rue des Colonnes, 75002 Paris, users agree to be bound by these terms and conditions. 2. User Eligibility Fablea is available for users of all ages. Children under [&hellip;]\" \/>\n<meta property=\"og:url\" content=\"https:\/\/talezly.com\/es\/terms\/\" \/>\n<meta property=\"og:site_name\" content=\"Talezly.com\" \/>\n<meta property=\"article:modified_time\" content=\"2023-12-04T15:19:26+00:00\" \/>\n<meta name=\"twitter:card\" content=\"summary_large_image\" \/>\n<meta name=\"twitter:label1\" content=\"Tiempo de lectura\" \/>\n\t<meta name=\"twitter:data1\" content=\"2 minutos\" \/>\n<script type=\"application\/ld+json\" class=\"yoast-schema-graph\">{\"@context\":\"https:\/\/schema.org\",\"@graph\":[{\"@type\":\"WebPage\",\"@id\":\"https:\/\/talezly.com\/terms\/\",\"url\":\"https:\/\/talezly.com\/terms\/\",\"name\":\"Terms - Talezly.com\",\"isPartOf\":{\"@id\":\"https:\/\/talezly.com\/en\/#website\"},\"datePublished\":\"2023-11-22T06:53:06+00:00\",\"dateModified\":\"2023-12-04T15:19:26+00:00\",\"inLanguage\":\"es\",\"potentialAction\":[{\"@type\":\"ReadAction\",\"target\":[\"https:\/\/talezly.com\/terms\/\"]}]},{\"@type\":\"WebSite\",\"@id\":\"https:\/\/talezly.com\/en\/#website\",\"url\":\"https:\/\/talezly.com\/en\/\",\"name\":\"Talezly.com\",\"description\":\"Your personalized bedtime stories\",\"publisher\":{\"@id\":\"https:\/\/talezly.com\/en\/#organization\"},\"potentialAction\":[{\"@type\":\"SearchAction\",\"target\":{\"@type\":\"EntryPoint\",\"urlTemplate\":\"https:\/\/talezly.com\/en\/?s={search_term_string}\"},\"query-input\":\"required name=search_term_string\"}],\"inLanguage\":\"es\"},{\"@type\":\"Organization\",\"@id\":\"https:\/\/talezly.com\/en\/#organization\",\"name\":\"Talezly.com\",\"url\":\"https:\/\/talezly.com\/en\/\",\"logo\":{\"@type\":\"ImageObject\",\"inLanguage\":\"es\",\"@id\":\"https:\/\/talezly.com\/en\/#\/schema\/logo\/image\/\",\"url\":\"https:\/\/talezly.com\/wp-content\/uploads\/2023\/11\/Talezly-Logo-White.png\",\"contentUrl\":\"https:\/\/talezly.com\/wp-content\/uploads\/2023\/11\/Talezly-Logo-White.png\",\"width\":425,\"height\":188,\"caption\":\"Talezly.com\"},\"image\":{\"@id\":\"https:\/\/talezly.com\/en\/#\/schema\/logo\/image\/\"},\"sameAs\":[\"https:\/\/www.linkedin.com\/company\/mystorica-app\/\"]}]}<\/script>\n<!-- \/ Yoast SEO plugin. -->","yoast_head_json":{"title":"Terms - Talezly.com","robots":{"index":"index","follow":"follow","max-snippet":"max-snippet:-1","max-image-preview":"max-image-preview:large","max-video-preview":"max-video-preview:-1"},"canonical":"https:\/\/talezly.com\/es\/terms\/","og_locale":"es_ES","og_type":"article","og_title":"Terms - Talezly.com","og_description":"Terms and Conditions for Fablea 1. Acceptance of Terms By accessing or using Fablea, a product of Canigou &amp; Co (SIRET: 952825727), based in France at 9 Rue des Colonnes, 75002 Paris, users agree to be bound by these terms and conditions. 2. User Eligibility Fablea is available for users of all ages. Children under [&hellip;]","og_url":"https:\/\/talezly.com\/es\/terms\/","og_site_name":"Talezly.com","article_modified_time":"2023-12-04T15:19:26+00:00","twitter_card":"summary_large_image","twitter_misc":{"Tiempo de lectura":"2 minutos"},"schema":{"@context":"https:\/\/schema.org","@graph":[{"@type":"WebPage","@id":"https:\/\/talezly.com\/terms\/","url":"https:\/\/talezly.com\/terms\/","name":"Terms - Talezly.com","isPartOf":{"@id":"https:\/\/talezly.com\/en\/#website"},"datePublished":"2023-11-22T06:53:06+00:00","dateModified":"2023-12-04T15:19:26+00:00","inLanguage":"es","potentialAction":[{"@type":"ReadAction","target":["https:\/\/talezly.com\/terms\/"]}]},{"@type":"WebSite","@id":"https:\/\/talezly.com\/en\/#website","url":"https:\/\/talezly.com\/en\/","name":"Talezly.com","description":"Your personalized bedtime stories","publisher":{"@id":"https:\/\/talezly.com\/en\/#organization"},"potentialAction":[{"@type":"SearchAction","target":{"@type":"EntryPoint","urlTemplate":"https:\/\/talezly.com\/en\/?s={search_term_string}"},"query-input":"required name=search_term_string"}],"inLanguage":"es"},{"@type":"Organization","@id":"https:\/\/talezly.com\/en\/#organization","name":"Talezly.com","url":"https:\/\/talezly.com\/en\/","logo":{"@type":"ImageObject","inLanguage":"es","@id":"https:\/\/talezly.com\/en\/#\/schema\/logo\/image\/","url":"https:\/\/talezly.com\/wp-content\/uploads\/2023\/11\/Talezly-Logo-White.png","contentUrl":"https:\/\/talezly.com\/wp-content\/uploads\/2023\/11\/Talezly-Logo-White.png","width":425,"height":188,"caption":"Talezly.com"},"image":{"@id":"https:\/\/talezly.com\/en\/#\/schema\/logo\/image\/"},"sameAs":["https:\/\/www.linkedin.com\/company\/mystorica-app\/"]}]}},"_links":{"self":[{"href":"https:\/\/talezly.com\/es\/wp-json\/wp\/v2\/pages\/3"}],"collection":[{"href":"https:\/\/talezly.com\/es\/wp-json\/wp\/v2\/pages"}],"about":[{"href":"https:\/\/talezly.com\/es\/wp-json\/wp\/v2\/types\/page"}],"author":[{"embeddable":true,"href":"https:\/\/talezly.com\/es\/wp-json\/wp\/v2\/users\/1"}],"replies":[{"embeddable":true,"href":"https:\/\/talezly.com\/es\/wp-json\/wp\/v2\/comments?post=3"}],"version-history":[{"count":8,"href":"https:\/\/talezly.com\/es\/wp-json\/wp\/v2\/pages\/3\/revisions"}],"predecessor-version":[{"id":8712,"href":"https:\/\/talezly.com\/es\/wp-json\/wp\/v2\/pages\/3\/revisions\/8712"}],"wp:attachment":[{"href":"https:\/\/talezly.com\/es\/wp-json\/wp\/v2\/media?parent=3"}],"curies":[{"name":"wp","href":"https:\/\/api.w.org\/{rel}","templated":true}]}}