{"id":3,"date":"2023-11-22T06:53:06","date_gmt":"2023-11-22T06:53:06","guid":{"rendered":"https:\/\/talezly.com\/?page_id=3"},"modified":"2023-12-04T15:19:26","modified_gmt":"2023-12-04T15:19:26","slug":"terms","status":"publish","type":"page","link":"https:\/\/talezly.com\/fr\/terms\/","title":{"rendered":"Conditions g\u00e9n\u00e9rales"},"content":{"rendered":"<div data-elementor-type=\"wp-page\" data-elementor-id=\"3\" class=\"elementor elementor-3\" data-elementor-post-type=\"page\">\n\t\t\t\t<div class=\"elementor-element elementor-element-38005090 e-flex e-con-boxed e-con e-parent\" data-id=\"38005090\" data-element_type=\"container\" data-core-v316-plus=\"true\">\n\t\t\t\t\t<div class=\"e-con-inner\">\n\t\t\t\t<div class=\"elementor-element elementor-element-5498125e mas-addons-sticky-no elementor-widget elementor-widget-text-editor\" data-id=\"5498125e\" data-element_type=\"widget\" data-settings=\"{&quot;mas_addons_sticky&quot;:&quot;no&quot;}\" data-widget_type=\"text-editor.default\">\n\t\t\t\t<div class=\"elementor-widget-container\">\n\t\t\t<style>\/*! elementor - v3.20.0 - 20-03-2024 *\/\n.elementor-widget-text-editor.elementor-drop-cap-view-stacked .elementor-drop-cap{background-color:#69727d;color:#fff}.elementor-widget-text-editor.elementor-drop-cap-view-framed .elementor-drop-cap{color:#69727d;border:3px solid;background-color:transparent}.elementor-widget-text-editor:not(.elementor-drop-cap-view-default) .elementor-drop-cap{margin-top:8px}.elementor-widget-text-editor:not(.elementor-drop-cap-view-default) .elementor-drop-cap-letter{width:1em;height:1em}.elementor-widget-text-editor .elementor-drop-cap{float:left;text-align:center;line-height:1;font-size:50px}.elementor-widget-text-editor .elementor-drop-cap-letter{display:inline-block}<\/style>\t\t\t\t<!-- wp:heading -->\n<div class=\"w-full text-token-text-primary\" data-testid=\"conversation-turn-5\">\n<div class=\"px-4 py-2 justify-center text-base md:gap-6 m-auto\">\n<div class=\"flex flex-1 text-base mx-auto gap-3 md:px-5 lg:px-1 xl:px-5 md:max-w-3xl lg:max-w-[40rem] xl:max-w-[48rem] } group\">\n<div class=\"relative flex w-full flex-col lg:w-[calc(100%-115px)] agent-turn\">\n<div class=\"flex-col gap-1 md:gap-3\">\n<div class=\"flex flex-grow flex-col max-w-full\">\n<div class=\"min-h-[20px] text-message flex flex-col items-start gap-3 whitespace-pre-wrap break-words [.text-message+&amp;]:mt-5 overflow-x-auto\" data-message-author-role=\"assistant\" data-message-id=\"06cd8761-fc79-4fd6-a693-9a53c1425179\">\n<div class=\"markdown prose w-full break-words dark:prose-invert dark\">\n<h3>Termes et conditions pour Fablea<\/h3>\n<p><strong>1. Acceptation des conditions<\/strong> En acc\u00e9dant ou en utilisant Fablea, un produit de la soci\u00e9t\u00e9 Canigou &amp; Co (SIRET : 952825727), bas\u00e9e en France au 9 Rue des Colonnes, 75002 Paris, les utilisateurs acceptent d&#039;\u00eatre li\u00e9s par les pr\u00e9sentes conditions g\u00e9n\u00e9rales.<\/p>\n<p><strong>2. \u00c9ligibilit\u00e9 des utilisateurs<\/strong> Fablea est disponible pour les utilisateurs de tous \u00e2ges. Les enfants de moins de 18 ans doivent utiliser l&#039;application sous la surveillance d&#039;un parent ou d&#039;un tuteur l\u00e9gal.<\/p>\n<p><strong>3. Personnalisation et cr\u00e9ation de contenu<\/strong><\/p>\n<ul>\n<li>Les utilisateurs peuvent personnaliser les histoires en fournissant des crit\u00e8res tels que le nom, l&#039;\u00e2ge, le type d&#039;histoire et le th\u00e8me.<\/li>\n<li>Les histoires g\u00e9n\u00e9r\u00e9es sont la propri\u00e9t\u00e9 de Canigou &amp; Co et ne peuvent \u00eatre utilis\u00e9es \u00e0 des fins commerciales sans autorisation explicite.<\/li>\n<\/ul>\n<p><strong>4. Confidentialit\u00e9 des donn\u00e9es<\/strong><\/p>\n<ul>\n<li>Nous respectons la vie priv\u00e9e des utilisateurs et stockons un minimum de donn\u00e9es (nom d&#039;utilisateur et histoires g\u00e9n\u00e9r\u00e9es) uniquement pour personnaliser l&#039;exp\u00e9rience de l&#039;application et am\u00e9liorer notre IA.<\/li>\n<li>Aucune donn\u00e9e personnelle ne sera partag\u00e9e avec des tiers sans le consentement de l&#039;utilisateur, sauf si la loi l&#039;exige.<\/li>\n<\/ul>\n<p><strong>5. Cr\u00e9dits et abonnement<\/strong><\/p>\n<ul>\n<li>Fablea fonctionne sur un syst\u00e8me de cr\u00e9dit dans lequel les utilisateurs d\u00e9pensent des cr\u00e9dits pour g\u00e9n\u00e9rer des histoires et des audios.<\/li>\n<li>Les utilisateurs peuvent obtenir des cr\u00e9dits via des achats int\u00e9gr\u00e9s ou via un mod\u00e8le d&#039;abonnement premium, qui peut inclure des avantages suppl\u00e9mentaires.<\/li>\n<\/ul>\n<p><strong>6. Comportement de l&#039;utilisateur<\/strong><\/p>\n<ul>\n<li>Les utilisateurs ne doivent pas g\u00e9n\u00e9rer de contenu inappropri\u00e9 ou susceptible de nuire \u00e0 l&#039;image et \u00e0 la r\u00e9putation de Canigou &amp; Co.<\/li>\n<li>La violation de ces directives de conduite peut entra\u00eener la suspension ou la r\u00e9siliation du compte.<\/li>\n<\/ul>\n<p><strong>7. R\u00e9siliation du compte<\/strong><\/p>\n<ul>\n<li>Les utilisateurs peuvent supprimer leur compte via leur page de profil.<\/li>\n<li>Lors de la suppression du compte, toutes les donn\u00e9es associ\u00e9es seront d\u00e9finitivement supprim\u00e9es de nos serveurs.<\/li>\n<\/ul>\n<p><strong>8. Modifications des conditions<\/strong> Nous nous r\u00e9servons le droit de modifier ces conditions \u00e0 tout moment.<\/p>\n<\/div>\n<\/div>\n<\/div>\n<\/div>\n<\/div>\n<\/div>\n<\/div>\n<\/div>\n<div class=\"w-full text-token-text-primary\" data-testid=\"conversation-turn-7\">\n<div class=\"px-4 py-2 justify-center text-base md:gap-6 m-auto\">\n<div class=\"flex flex-1 text-base mx-auto gap-3 md:px-5 lg:px-1 xl:px-5 md:max-w-3xl lg:max-w-[40rem] xl:max-w-[48rem] } group final-completion\">\n<div class=\"relative flex w-full flex-col lg:w-[calc(100%-115px)] agent-turn\">\n<div class=\"flex-col gap-1 md:gap-3\">\n<div class=\"flex flex-grow flex-col max-w-full\">\n<div class=\"min-h-[20px] text-message flex flex-col items-start gap-3 whitespace-pre-wrap break-words [.text-message+&amp;]:mt-5 overflow-x-auto\" data-message-author-role=\"assistant\" data-message-id=\"69511fa0-8859-4d27-b9cb-f3c46be74ce5\">\n<div class=\"markdown prose w-full break-words dark:prose-invert dark\">\n<p><strong>9. Droits de propri\u00e9t\u00e9 intellectuelle<\/strong><\/p>\n<ul>\n<li>Tout le contenu g\u00e9n\u00e9r\u00e9 par Fablea, y compris les histoires personnalis\u00e9es, est la propri\u00e9t\u00e9 intellectuelle de Canigou &amp; Co.<\/li>\n<li>Les utilisateurs b\u00e9n\u00e9ficient d&#039;une licence non exclusive et non transf\u00e9rable leur permettant d&#039;utiliser le contenu \u00e0 des fins personnelles et non commerciales.<\/li>\n<\/ul>\n<p><strong>10. Responsabilit\u00e9 et clause de non-responsabilit\u00e9<\/strong><\/p>\n<ul>\n<li>Canigou &amp; Co n&#039;est pas responsable des dommages indirects, accessoires, sp\u00e9ciaux, cons\u00e9cutifs ou punitifs r\u00e9sultant de l&#039;utilisation de Fablea.<\/li>\n<li>Nous ne garantissons pas l&#039;exactitude, l&#039;exhaustivit\u00e9 ou l&#039;utilit\u00e9 des informations pr\u00e9sentes sur l&#039;application et d\u00e9clinons toute responsabilit\u00e9 pour toute erreur ou autre inexactitude relative au contenu ou aux informations fournies.<\/li>\n<\/ul>\n<p><strong>11. Coordonn\u00e9es<\/strong> Pour toute question ou pr\u00e9occupation concernant ces termes et conditions, les utilisateurs peuvent contacter Canigou &amp; Co \u00e0 l&#039;adresse fournie ou via nos canaux de service client d\u00e9sign\u00e9s.<\/p>\n<\/div>\n<\/div>\n<\/div>\n<\/div>\n<\/div>\n<\/div>\n<\/div>\n<\/div>\n<!-- \/wp:paragraph -->\t\t\t\t\t\t<\/div>\n\t\t\t\t<\/div>\n\t\t\t\t\t<\/div>\n\t\t\t\t<\/div>\n\t\t\t\t<\/div>","protected":false},"excerpt":{"rendered":"<p>Conditions G\u00e9n\u00e9rales de Fablea 1. Acceptation des Conditions En acc\u00e9dant ou en utilisant Fablea, un produit de la soci\u00e9t\u00e9 Canigou &amp; Co (SIRET : 952825727), bas\u00e9e en France au 9 Rue des Colonnes, 75002 Paris, les utilisateurs acceptent d&#039;\u00eatre li\u00e9s par les pr\u00e9sentes conditions g\u00e9n\u00e9rales. . 2. \u00c9ligibilit\u00e9 des utilisateurs Fablea est disponible pour les utilisateurs de tous \u00e2ges. Enfants de moins de [\u2026]<\/p>","protected":false},"author":1,"featured_media":0,"parent":0,"menu_order":0,"comment_status":"closed","ping_status":"closed","template":"","meta":{"inline_featured_image":false,"footnotes":""},"acf":[],"yoast_head":"<!-- This site is optimized with the Yoast SEO plugin v22.3 - https:\/\/yoast.com\/wordpress\/plugins\/seo\/ -->\n<title>Terms - Talezly.com<\/title>\n<meta name=\"robots\" content=\"index, follow, max-snippet:-1, max-image-preview:large, max-video-preview:-1\" \/>\n<link rel=\"canonical\" href=\"https:\/\/talezly.com\/fr\/terms\/\" \/>\n<meta property=\"og:locale\" content=\"fr_FR\" \/>\n<meta property=\"og:type\" content=\"article\" \/>\n<meta property=\"og:title\" content=\"Terms - Talezly.com\" \/>\n<meta property=\"og:description\" content=\"Terms and Conditions for Fablea 1. Acceptance of Terms By accessing or using Fablea, a product of Canigou &amp; Co (SIRET: 952825727), based in France at 9 Rue des Colonnes, 75002 Paris, users agree to be bound by these terms and conditions. 2. User Eligibility Fablea is available for users of all ages. Children under [&hellip;]\" \/>\n<meta property=\"og:url\" content=\"https:\/\/talezly.com\/fr\/terms\/\" \/>\n<meta property=\"og:site_name\" content=\"Talezly.com\" \/>\n<meta property=\"article:modified_time\" content=\"2023-12-04T15:19:26+00:00\" \/>\n<meta name=\"twitter:card\" content=\"summary_large_image\" \/>\n<meta name=\"twitter:label1\" content=\"Dur\u00e9e de lecture estim\u00e9e\" \/>\n\t<meta name=\"twitter:data1\" content=\"2 minutes\" \/>\n<script type=\"application\/ld+json\" class=\"yoast-schema-graph\">{\"@context\":\"https:\/\/schema.org\",\"@graph\":[{\"@type\":\"WebPage\",\"@id\":\"https:\/\/talezly.com\/terms\/\",\"url\":\"https:\/\/talezly.com\/terms\/\",\"name\":\"Terms - Talezly.com\",\"isPartOf\":{\"@id\":\"https:\/\/talezly.com\/en\/#website\"},\"datePublished\":\"2023-11-22T06:53:06+00:00\",\"dateModified\":\"2023-12-04T15:19:26+00:00\",\"inLanguage\":\"fr-FR\",\"potentialAction\":[{\"@type\":\"ReadAction\",\"target\":[\"https:\/\/talezly.com\/terms\/\"]}]},{\"@type\":\"WebSite\",\"@id\":\"https:\/\/talezly.com\/en\/#website\",\"url\":\"https:\/\/talezly.com\/en\/\",\"name\":\"Talezly.com\",\"description\":\"Your personalized bedtime stories\",\"publisher\":{\"@id\":\"https:\/\/talezly.com\/en\/#organization\"},\"potentialAction\":[{\"@type\":\"SearchAction\",\"target\":{\"@type\":\"EntryPoint\",\"urlTemplate\":\"https:\/\/talezly.com\/en\/?s={search_term_string}\"},\"query-input\":\"required name=search_term_string\"}],\"inLanguage\":\"fr-FR\"},{\"@type\":\"Organization\",\"@id\":\"https:\/\/talezly.com\/en\/#organization\",\"name\":\"Talezly.com\",\"url\":\"https:\/\/talezly.com\/en\/\",\"logo\":{\"@type\":\"ImageObject\",\"inLanguage\":\"fr-FR\",\"@id\":\"https:\/\/talezly.com\/en\/#\/schema\/logo\/image\/\",\"url\":\"https:\/\/talezly.com\/wp-content\/uploads\/2023\/11\/Talezly-Logo-White.png\",\"contentUrl\":\"https:\/\/talezly.com\/wp-content\/uploads\/2023\/11\/Talezly-Logo-White.png\",\"width\":425,\"height\":188,\"caption\":\"Talezly.com\"},\"image\":{\"@id\":\"https:\/\/talezly.com\/en\/#\/schema\/logo\/image\/\"},\"sameAs\":[\"https:\/\/www.linkedin.com\/company\/mystorica-app\/\"]}]}<\/script>\n<!-- \/ Yoast SEO plugin. -->","yoast_head_json":{"title":"Terms - Talezly.com","robots":{"index":"index","follow":"follow","max-snippet":"max-snippet:-1","max-image-preview":"max-image-preview:large","max-video-preview":"max-video-preview:-1"},"canonical":"https:\/\/talezly.com\/fr\/terms\/","og_locale":"fr_FR","og_type":"article","og_title":"Terms - Talezly.com","og_description":"Terms and Conditions for Fablea 1. Acceptance of Terms By accessing or using Fablea, a product of Canigou &amp; Co (SIRET: 952825727), based in France at 9 Rue des Colonnes, 75002 Paris, users agree to be bound by these terms and conditions. 2. User Eligibility Fablea is available for users of all ages. Children under [&hellip;]","og_url":"https:\/\/talezly.com\/fr\/terms\/","og_site_name":"Talezly.com","article_modified_time":"2023-12-04T15:19:26+00:00","twitter_card":"summary_large_image","twitter_misc":{"Dur\u00e9e de lecture estim\u00e9e":"2 minutes"},"schema":{"@context":"https:\/\/schema.org","@graph":[{"@type":"WebPage","@id":"https:\/\/talezly.com\/terms\/","url":"https:\/\/talezly.com\/terms\/","name":"Terms - Talezly.com","isPartOf":{"@id":"https:\/\/talezly.com\/en\/#website"},"datePublished":"2023-11-22T06:53:06+00:00","dateModified":"2023-12-04T15:19:26+00:00","inLanguage":"fr-FR","potentialAction":[{"@type":"ReadAction","target":["https:\/\/talezly.com\/terms\/"]}]},{"@type":"WebSite","@id":"https:\/\/talezly.com\/en\/#website","url":"https:\/\/talezly.com\/en\/","name":"Talezly.com","description":"Your personalized bedtime stories","publisher":{"@id":"https:\/\/talezly.com\/en\/#organization"},"potentialAction":[{"@type":"SearchAction","target":{"@type":"EntryPoint","urlTemplate":"https:\/\/talezly.com\/en\/?s={search_term_string}"},"query-input":"required name=search_term_string"}],"inLanguage":"fr-FR"},{"@type":"Organization","@id":"https:\/\/talezly.com\/en\/#organization","name":"Talezly.com","url":"https:\/\/talezly.com\/en\/","logo":{"@type":"ImageObject","inLanguage":"fr-FR","@id":"https:\/\/talezly.com\/en\/#\/schema\/logo\/image\/","url":"https:\/\/talezly.com\/wp-content\/uploads\/2023\/11\/Talezly-Logo-White.png","contentUrl":"https:\/\/talezly.com\/wp-content\/uploads\/2023\/11\/Talezly-Logo-White.png","width":425,"height":188,"caption":"Talezly.com"},"image":{"@id":"https:\/\/talezly.com\/en\/#\/schema\/logo\/image\/"},"sameAs":["https:\/\/www.linkedin.com\/company\/mystorica-app\/"]}]}},"_links":{"self":[{"href":"https:\/\/talezly.com\/fr\/wp-json\/wp\/v2\/pages\/3"}],"collection":[{"href":"https:\/\/talezly.com\/fr\/wp-json\/wp\/v2\/pages"}],"about":[{"href":"https:\/\/talezly.com\/fr\/wp-json\/wp\/v2\/types\/page"}],"author":[{"embeddable":true,"href":"https:\/\/talezly.com\/fr\/wp-json\/wp\/v2\/users\/1"}],"replies":[{"embeddable":true,"href":"https:\/\/talezly.com\/fr\/wp-json\/wp\/v2\/comments?post=3"}],"version-history":[{"count":8,"href":"https:\/\/talezly.com\/fr\/wp-json\/wp\/v2\/pages\/3\/revisions"}],"predecessor-version":[{"id":8712,"href":"https:\/\/talezly.com\/fr\/wp-json\/wp\/v2\/pages\/3\/revisions\/8712"}],"wp:attachment":[{"href":"https:\/\/talezly.com\/fr\/wp-json\/wp\/v2\/media?parent=3"}],"curies":[{"name":"wp","href":"https:\/\/api.w.org\/{rel}","templated":true}]}}