{"id":3,"date":"2023-11-22T06:53:06","date_gmt":"2023-11-22T06:53:06","guid":{"rendered":"https:\/\/talezly.com\/?page_id=3"},"modified":"2023-12-04T15:19:26","modified_gmt":"2023-12-04T15:19:26","slug":"terms","status":"publish","type":"page","link":"https:\/\/talezly.com\/it\/terms\/","title":{"rendered":"Termini"},"content":{"rendered":"<div data-elementor-type=\"wp-page\" data-elementor-id=\"3\" class=\"elementor elementor-3\" data-elementor-post-type=\"page\">\n\t\t\t\t<div class=\"elementor-element elementor-element-38005090 e-flex e-con-boxed e-con e-parent\" data-id=\"38005090\" data-element_type=\"container\" data-core-v316-plus=\"true\">\n\t\t\t\t\t<div class=\"e-con-inner\">\n\t\t\t\t<div class=\"elementor-element elementor-element-5498125e mas-addons-sticky-no elementor-widget elementor-widget-text-editor\" data-id=\"5498125e\" data-element_type=\"widget\" data-settings=\"{&quot;mas_addons_sticky&quot;:&quot;no&quot;}\" data-widget_type=\"text-editor.default\">\n\t\t\t\t<div class=\"elementor-widget-container\">\n\t\t\t<style>\/*! elementor - v3.20.0 - 20-03-2024 *\/\n.elementor-widget-text-editor.elementor-drop-cap-view-stacked .elementor-drop-cap{background-color:#69727d;color:#fff}.elementor-widget-text-editor.elementor-drop-cap-view-framed .elementor-drop-cap{color:#69727d;border:3px solid;background-color:transparent}.elementor-widget-text-editor:not(.elementor-drop-cap-view-default) .elementor-drop-cap{margin-top:8px}.elementor-widget-text-editor:not(.elementor-drop-cap-view-default) .elementor-drop-cap-letter{width:1em;height:1em}.elementor-widget-text-editor .elementor-drop-cap{float:left;text-align:center;line-height:1;font-size:50px}.elementor-widget-text-editor .elementor-drop-cap-letter{display:inline-block}<\/style>\t\t\t\t<!-- wp:heading -->\n<div class=\"w-full text-token-text-primary\" data-testid=\"conversation-turn-5\">\n<div class=\"px-4 py-2 justify-center text-base md:gap-6 m-auto\">\n<div class=\"flex flex-1 text-base mx-auto gap-3 md:px-5 lg:px-1 xl:px-5 md:max-w-3xl lg:max-w-[40rem] xl:max-w-[48rem] } group\">\n<div class=\"relative flex w-full flex-col lg:w-[calc(100%-115px)] agent-turn\">\n<div class=\"flex-col gap-1 md:gap-3\">\n<div class=\"flex flex-grow flex-col max-w-full\">\n<div class=\"min-h-[20px] text-message flex flex-col items-start gap-3 whitespace-pre-wrap break-words [.text-message+&amp;]:mt-5 overflow-x-auto\" data-message-author-role=\"assistant\" data-message-id=\"06cd8761-fc79-4fd6-a693-9a53c1425179\">\n<div class=\"markdown prose w-full break-words dark:prose-invert dark\">\n<h3>Termini e condizioni per Fablea<\/h3>\n<p><strong>1. Accettazione dei Termini<\/strong> Accedendo o utilizzando Fablea, un prodotto di Canigou &amp; Co (SIRET: 952825727), con sede in Francia a 9 Rue des Colonnes, 75002 Parigi, gli utenti accettano di essere vincolati da questi termini e condizioni.<\/p>\n<p><strong>2. Idoneit\u00e0 dell&#039;utente<\/strong> Fablea \u00e8 disponibile per utenti di tutte le et\u00e0. I bambini di et\u00e0 inferiore ai 18 anni devono utilizzare l&#039;app sotto la supervisione di un genitore o tutore legale.<\/p>\n<p><strong>3. Personalizzazione e creazione di contenuti<\/strong><\/p>\n<ul>\n<li>Gli utenti possono personalizzare le storie fornendo criteri quali nome, et\u00e0, tipo di storia e tema.<\/li>\n<li>Le storie generate sono di propriet\u00e0 di Canigou &amp; Co e non possono essere utilizzate per scopi commerciali senza esplicita autorizzazione.<\/li>\n<\/ul>\n<p><strong>4. Privacy dei dati<\/strong><\/p>\n<ul>\n<li>Rispettiamo la privacy degli utenti e memorizziamo dati minimi (nome utente e storie generate) esclusivamente per personalizzare l&#039;esperienza dell&#039;app e migliorare la nostra intelligenza artificiale.<\/li>\n<li>Nessun dato personale sar\u00e0 condiviso con terzi senza il consenso dell&#039;utente, ad eccezione di quanto richiesto dalla legge.<\/li>\n<\/ul>\n<p><strong>5. Crediti e Abbonamento<\/strong><\/p>\n<ul>\n<li>Fablea opera su un sistema di crediti in cui gli utenti spendono crediti per generare storie e audio.<\/li>\n<li>Gli utenti possono ottenere crediti tramite acquisti in-app o tramite un modello di abbonamento premium, che pu\u00f2 includere vantaggi aggiuntivi.<\/li>\n<\/ul>\n<p><strong>6. Condotta dell&#039;utente<\/strong><\/p>\n<ul>\n<li>Gli utenti non devono generare contenuti inappropriati o che possano ledere l&#039;immagine e la reputazione di Canigou &amp; Co.<\/li>\n<li>La violazione di queste linee guida di condotta pu\u00f2 comportare la sospensione o la chiusura dell&#039;account.<\/li>\n<\/ul>\n<p><strong>7. Chiusura del conto<\/strong><\/p>\n<ul>\n<li>Gli utenti possono eliminare il proprio account tramite la pagina del proprio profilo.<\/li>\n<li>Dopo la cancellazione dell&#039;account, tutti i dati associati verranno rimossi in modo permanente dai nostri server.<\/li>\n<\/ul>\n<p><strong>8. Modifiche ai Termini<\/strong> Ci riserviamo il diritto di modificare questi termini in qualsiasi momento.<\/p>\n<\/div>\n<\/div>\n<\/div>\n<\/div>\n<\/div>\n<\/div>\n<\/div>\n<\/div>\n<div class=\"w-full text-token-text-primary\" data-testid=\"conversation-turn-7\">\n<div class=\"px-4 py-2 justify-center text-base md:gap-6 m-auto\">\n<div class=\"flex flex-1 text-base mx-auto gap-3 md:px-5 lg:px-1 xl:px-5 md:max-w-3xl lg:max-w-[40rem] xl:max-w-[48rem] } group final-completion\">\n<div class=\"relative flex w-full flex-col lg:w-[calc(100%-115px)] agent-turn\">\n<div class=\"flex-col gap-1 md:gap-3\">\n<div class=\"flex flex-grow flex-col max-w-full\">\n<div class=\"min-h-[20px] text-message flex flex-col items-start gap-3 whitespace-pre-wrap break-words [.text-message+&amp;]:mt-5 overflow-x-auto\" data-message-author-role=\"assistant\" data-message-id=\"69511fa0-8859-4d27-b9cb-f3c46be74ce5\">\n<div class=\"markdown prose w-full break-words dark:prose-invert dark\">\n<p><strong>9. Diritti di propriet\u00e0 intellettuale<\/strong><\/p>\n<ul>\n<li>Tutti i contenuti generati da Fablea, comprese le storie personalizzate, sono propriet\u00e0 intellettuale di Canigou &amp; Co.<\/li>\n<li>Agli utenti viene concessa una licenza non esclusiva e non trasferibile per utilizzare il contenuto per scopi personali e non commerciali.<\/li>\n<\/ul>\n<p><strong>10. Responsabilit\u00e0 ed esclusione di responsabilit\u00e0<\/strong><\/p>\n<ul>\n<li>Canigou &amp; Co non \u00e8 responsabile per eventuali danni indiretti, incidentali, speciali, consequenziali o punitivi derivanti dall&#039;uso di Fablea.<\/li>\n<li>Non garantiamo l&#039;accuratezza, la completezza o l&#039;utilit\u00e0 di qualsiasi informazione presente sull&#039;app e decliniamo ogni responsabilit\u00e0 per eventuali errori o altre imprecisioni relative al contenuto o alle informazioni fornite.<\/li>\n<\/ul>\n<p><strong>11. Informazioni di contatto<\/strong> Per qualsiasi domanda o dubbio riguardante questi termini e condizioni, gli utenti possono contattare Canigou &amp; Co all&#039;indirizzo fornito o tramite i nostri canali di assistenza clienti designati.<\/p>\n<\/div>\n<\/div>\n<\/div>\n<\/div>\n<\/div>\n<\/div>\n<\/div>\n<\/div>\n<!-- \/wp:paragraph -->\t\t\t\t\t\t<\/div>\n\t\t\t\t<\/div>\n\t\t\t\t\t<\/div>\n\t\t\t\t<\/div>\n\t\t\t\t<\/div>","protected":false},"excerpt":{"rendered":"<p>Termini e condizioni di Fablea 1. Accettazione dei termini Accedendo o utilizzando Fablea, un prodotto di Canigou &amp; Co (SIRET: 952825727), con sede in Francia, 9 Rue des Colonnes, 75002 Parigi, gli utenti accettano di essere vincolati dai presenti termini e condizioni. 2. Requisiti dell&#039;utente Fablea \u00e8 disponibile per utenti di tutte le et\u00e0. I bambini di et\u00e0 inferiore a [\u2026]<\/p>","protected":false},"author":1,"featured_media":0,"parent":0,"menu_order":0,"comment_status":"closed","ping_status":"closed","template":"","meta":{"inline_featured_image":false,"footnotes":""},"acf":[],"yoast_head":"<!-- This site is optimized with the Yoast SEO plugin v22.3 - https:\/\/yoast.com\/wordpress\/plugins\/seo\/ -->\n<title>Terms - Talezly.com<\/title>\n<meta name=\"robots\" content=\"index, follow, max-snippet:-1, max-image-preview:large, max-video-preview:-1\" \/>\n<link rel=\"canonical\" href=\"https:\/\/talezly.com\/it\/terms\/\" \/>\n<meta property=\"og:locale\" content=\"it_IT\" \/>\n<meta property=\"og:type\" content=\"article\" \/>\n<meta property=\"og:title\" content=\"Terms - Talezly.com\" \/>\n<meta property=\"og:description\" content=\"Terms and Conditions for Fablea 1. Acceptance of Terms By accessing or using Fablea, a product of Canigou &amp; Co (SIRET: 952825727), based in France at 9 Rue des Colonnes, 75002 Paris, users agree to be bound by these terms and conditions. 2. User Eligibility Fablea is available for users of all ages. Children under [&hellip;]\" \/>\n<meta property=\"og:url\" content=\"https:\/\/talezly.com\/it\/terms\/\" \/>\n<meta property=\"og:site_name\" content=\"Talezly.com\" \/>\n<meta property=\"article:modified_time\" content=\"2023-12-04T15:19:26+00:00\" \/>\n<meta name=\"twitter:card\" content=\"summary_large_image\" \/>\n<meta name=\"twitter:label1\" content=\"Tempo di lettura stimato\" \/>\n\t<meta name=\"twitter:data1\" content=\"2 minuti\" \/>\n<script type=\"application\/ld+json\" class=\"yoast-schema-graph\">{\"@context\":\"https:\/\/schema.org\",\"@graph\":[{\"@type\":\"WebPage\",\"@id\":\"https:\/\/talezly.com\/terms\/\",\"url\":\"https:\/\/talezly.com\/terms\/\",\"name\":\"Terms - Talezly.com\",\"isPartOf\":{\"@id\":\"https:\/\/talezly.com\/en\/#website\"},\"datePublished\":\"2023-11-22T06:53:06+00:00\",\"dateModified\":\"2023-12-04T15:19:26+00:00\",\"inLanguage\":\"it-IT\",\"potentialAction\":[{\"@type\":\"ReadAction\",\"target\":[\"https:\/\/talezly.com\/terms\/\"]}]},{\"@type\":\"WebSite\",\"@id\":\"https:\/\/talezly.com\/en\/#website\",\"url\":\"https:\/\/talezly.com\/en\/\",\"name\":\"Talezly.com\",\"description\":\"Your personalized bedtime stories\",\"publisher\":{\"@id\":\"https:\/\/talezly.com\/en\/#organization\"},\"potentialAction\":[{\"@type\":\"SearchAction\",\"target\":{\"@type\":\"EntryPoint\",\"urlTemplate\":\"https:\/\/talezly.com\/en\/?s={search_term_string}\"},\"query-input\":\"required name=search_term_string\"}],\"inLanguage\":\"it-IT\"},{\"@type\":\"Organization\",\"@id\":\"https:\/\/talezly.com\/en\/#organization\",\"name\":\"Talezly.com\",\"url\":\"https:\/\/talezly.com\/en\/\",\"logo\":{\"@type\":\"ImageObject\",\"inLanguage\":\"it-IT\",\"@id\":\"https:\/\/talezly.com\/en\/#\/schema\/logo\/image\/\",\"url\":\"https:\/\/talezly.com\/wp-content\/uploads\/2023\/11\/Talezly-Logo-White.png\",\"contentUrl\":\"https:\/\/talezly.com\/wp-content\/uploads\/2023\/11\/Talezly-Logo-White.png\",\"width\":425,\"height\":188,\"caption\":\"Talezly.com\"},\"image\":{\"@id\":\"https:\/\/talezly.com\/en\/#\/schema\/logo\/image\/\"},\"sameAs\":[\"https:\/\/www.linkedin.com\/company\/mystorica-app\/\"]}]}<\/script>\n<!-- \/ Yoast SEO plugin. -->","yoast_head_json":{"title":"Terms - Talezly.com","robots":{"index":"index","follow":"follow","max-snippet":"max-snippet:-1","max-image-preview":"max-image-preview:large","max-video-preview":"max-video-preview:-1"},"canonical":"https:\/\/talezly.com\/it\/terms\/","og_locale":"it_IT","og_type":"article","og_title":"Terms - Talezly.com","og_description":"Terms and Conditions for Fablea 1. Acceptance of Terms By accessing or using Fablea, a product of Canigou &amp; Co (SIRET: 952825727), based in France at 9 Rue des Colonnes, 75002 Paris, users agree to be bound by these terms and conditions. 2. User Eligibility Fablea is available for users of all ages. Children under [&hellip;]","og_url":"https:\/\/talezly.com\/it\/terms\/","og_site_name":"Talezly.com","article_modified_time":"2023-12-04T15:19:26+00:00","twitter_card":"summary_large_image","twitter_misc":{"Tempo di lettura stimato":"2 minuti"},"schema":{"@context":"https:\/\/schema.org","@graph":[{"@type":"WebPage","@id":"https:\/\/talezly.com\/terms\/","url":"https:\/\/talezly.com\/terms\/","name":"Terms - Talezly.com","isPartOf":{"@id":"https:\/\/talezly.com\/en\/#website"},"datePublished":"2023-11-22T06:53:06+00:00","dateModified":"2023-12-04T15:19:26+00:00","inLanguage":"it-IT","potentialAction":[{"@type":"ReadAction","target":["https:\/\/talezly.com\/terms\/"]}]},{"@type":"WebSite","@id":"https:\/\/talezly.com\/en\/#website","url":"https:\/\/talezly.com\/en\/","name":"Talezly.com","description":"Your personalized bedtime stories","publisher":{"@id":"https:\/\/talezly.com\/en\/#organization"},"potentialAction":[{"@type":"SearchAction","target":{"@type":"EntryPoint","urlTemplate":"https:\/\/talezly.com\/en\/?s={search_term_string}"},"query-input":"required name=search_term_string"}],"inLanguage":"it-IT"},{"@type":"Organization","@id":"https:\/\/talezly.com\/en\/#organization","name":"Talezly.com","url":"https:\/\/talezly.com\/en\/","logo":{"@type":"ImageObject","inLanguage":"it-IT","@id":"https:\/\/talezly.com\/en\/#\/schema\/logo\/image\/","url":"https:\/\/talezly.com\/wp-content\/uploads\/2023\/11\/Talezly-Logo-White.png","contentUrl":"https:\/\/talezly.com\/wp-content\/uploads\/2023\/11\/Talezly-Logo-White.png","width":425,"height":188,"caption":"Talezly.com"},"image":{"@id":"https:\/\/talezly.com\/en\/#\/schema\/logo\/image\/"},"sameAs":["https:\/\/www.linkedin.com\/company\/mystorica-app\/"]}]}},"_links":{"self":[{"href":"https:\/\/talezly.com\/it\/wp-json\/wp\/v2\/pages\/3"}],"collection":[{"href":"https:\/\/talezly.com\/it\/wp-json\/wp\/v2\/pages"}],"about":[{"href":"https:\/\/talezly.com\/it\/wp-json\/wp\/v2\/types\/page"}],"author":[{"embeddable":true,"href":"https:\/\/talezly.com\/it\/wp-json\/wp\/v2\/users\/1"}],"replies":[{"embeddable":true,"href":"https:\/\/talezly.com\/it\/wp-json\/wp\/v2\/comments?post=3"}],"version-history":[{"count":8,"href":"https:\/\/talezly.com\/it\/wp-json\/wp\/v2\/pages\/3\/revisions"}],"predecessor-version":[{"id":8712,"href":"https:\/\/talezly.com\/it\/wp-json\/wp\/v2\/pages\/3\/revisions\/8712"}],"wp:attachment":[{"href":"https:\/\/talezly.com\/it\/wp-json\/wp\/v2\/media?parent=3"}],"curies":[{"name":"wp","href":"https:\/\/api.w.org\/{rel}","templated":true}]}}