{"id":2,"date":"2023-11-22T06:53:06","date_gmt":"2023-11-22T06:53:06","guid":{"rendered":"https:\/\/talezly.com\/?page_id=2"},"modified":"2023-12-04T15:16:53","modified_gmt":"2023-12-04T15:16:53","slug":"waitlist","status":"publish","type":"page","link":"https:\/\/talezly.com\/pt\/waitlist\/","title":{"rendered":"Em breve: imprima suas hist\u00f3rias de f\u00e1bulas! \ud83d\udcda\u2728"},"content":{"rendered":"<div data-elementor-type=\"wp-page\" data-elementor-id=\"2\" class=\"elementor elementor-2\" data-elementor-post-type=\"page\">\n\t\t\t\t<div class=\"elementor-element elementor-element-39d1b1d5 e-flex e-con-boxed e-con e-parent\" data-id=\"39d1b1d5\" data-element_type=\"container\" data-core-v316-plus=\"true\">\n\t\t\t\t\t<div class=\"e-con-inner\">\n\t\t\t\t<div class=\"elementor-element elementor-element-5612754 mas-addons-sticky-no elementor-widget elementor-widget-image\" data-id=\"5612754\" data-element_type=\"widget\" data-settings=\"{&quot;mas_addons_sticky&quot;:&quot;no&quot;}\" data-widget_type=\"image.default\">\n\t\t\t\t<div class=\"elementor-widget-container\">\n\t\t\t<style>\/*! elementor - v3.20.0 - 20-03-2024 *\/\n.elementor-widget-image{text-align:center}.elementor-widget-image a{display:inline-block}.elementor-widget-image a img[src$=\".svg\"]{width:48px}.elementor-widget-image img{vertical-align:middle;display:inline-block}<\/style>\t\t\t\t\t\t\t\t\t\t<img fetchpriority=\"high\" decoding=\"async\" width=\"1024\" height=\"1024\" src=\"https:\/\/talezly.com\/wp-content\/uploads\/2023\/11\/DALL\u00b7E-2023-11-29-23.19.51-A-whimsical-illustration-showing-a-group-of-excited-children-of-diverse-ethnicities-sitting-around-a-large-open-book-with-vibrant-magical-illustratio.png\" class=\"attachment-large size-large wp-image-8582\" alt=\"\" srcset=\"https:\/\/talezly.com\/wp-content\/uploads\/2023\/11\/DALL\u00b7E-2023-11-29-23.19.51-A-whimsical-illustration-showing-a-group-of-excited-children-of-diverse-ethnicities-sitting-around-a-large-open-book-with-vibrant-magical-illustratio.png 1024w, https:\/\/talezly.com\/wp-content\/uploads\/2023\/11\/DALL\u00b7E-2023-11-29-23.19.51-A-whimsical-illustration-showing-a-group-of-excited-children-of-diverse-ethnicities-sitting-around-a-large-open-book-with-vibrant-magical-illustratio-300x300.png 300w, https:\/\/talezly.com\/wp-content\/uploads\/2023\/11\/DALL\u00b7E-2023-11-29-23.19.51-A-whimsical-illustration-showing-a-group-of-excited-children-of-diverse-ethnicities-sitting-around-a-large-open-book-with-vibrant-magical-illustratio-150x150.png 150w, https:\/\/talezly.com\/wp-content\/uploads\/2023\/11\/DALL\u00b7E-2023-11-29-23.19.51-A-whimsical-illustration-showing-a-group-of-excited-children-of-diverse-ethnicities-sitting-around-a-large-open-book-with-vibrant-magical-illustratio-768x768.png 768w, https:\/\/talezly.com\/wp-content\/uploads\/2023\/11\/DALL\u00b7E-2023-11-29-23.19.51-A-whimsical-illustration-showing-a-group-of-excited-children-of-diverse-ethnicities-sitting-around-a-large-open-book-with-vibrant-magical-illustratio-12x12.png 12w, https:\/\/talezly.com\/wp-content\/uploads\/2023\/11\/DALL\u00b7E-2023-11-29-23.19.51-A-whimsical-illustration-showing-a-group-of-excited-children-of-diverse-ethnicities-sitting-around-a-large-open-book-with-vibrant-magical-illustratio-255x255.png 255w, https:\/\/talezly.com\/wp-content\/uploads\/2023\/11\/DALL\u00b7E-2023-11-29-23.19.51-A-whimsical-illustration-showing-a-group-of-excited-children-of-diverse-ethnicities-sitting-around-a-large-open-book-with-vibrant-magical-illustratio-492x492.png 492w, https:\/\/talezly.com\/wp-content\/uploads\/2023\/11\/DALL\u00b7E-2023-11-29-23.19.51-A-whimsical-illustration-showing-a-group-of-excited-children-of-diverse-ethnicities-sitting-around-a-large-open-book-with-vibrant-magical-illustratio-100x100.png 100w\" sizes=\"(max-width: 1024px) 100vw, 1024px\" \/>\t\t\t\t\t\t\t\t\t\t\t\t\t<\/div>\n\t\t\t\t<\/div>\n\t\t\t\t<div class=\"elementor-element elementor-element-09f5fa3 mas-addons-sticky-no elementor-widget elementor-widget-text-editor\" data-id=\"09f5fa3\" data-element_type=\"widget\" data-settings=\"{&quot;mas_addons_sticky&quot;:&quot;no&quot;}\" data-widget_type=\"text-editor.default\">\n\t\t\t\t<div class=\"elementor-widget-container\">\n\t\t\t<style>\/*! elementor - v3.20.0 - 20-03-2024 *\/\n.elementor-widget-text-editor.elementor-drop-cap-view-stacked .elementor-drop-cap{background-color:#69727d;color:#fff}.elementor-widget-text-editor.elementor-drop-cap-view-framed .elementor-drop-cap{color:#69727d;border:3px solid;background-color:transparent}.elementor-widget-text-editor:not(.elementor-drop-cap-view-default) .elementor-drop-cap{margin-top:8px}.elementor-widget-text-editor:not(.elementor-drop-cap-view-default) .elementor-drop-cap-letter{width:1em;height:1em}.elementor-widget-text-editor .elementor-drop-cap{float:left;text-align:center;line-height:1;font-size:50px}.elementor-widget-text-editor .elementor-drop-cap-letter{display:inline-block}<\/style>\t\t\t\t<h2>Em breve: imprima suas hist\u00f3rias Mystorica! \ud83d\udcda\u2728<\/h2>\n<p>\u00a0<\/p>\n<p>Prepare-se para trazer suas hist\u00f3rias personalizadas criadas por IA para o mundo real! Junte-se \u00e0 nossa lista de espera agora para ser o primeiro a transformar esses contos m\u00e1gicos em lindos livros impressos.<\/p>\n<h4><strong>Por que aderir?<\/strong><\/h4>\n<ul>\n<li>Seja um dos primeiros a publicar suas hist\u00f3rias.<\/li>\n<li>Receba atualiza\u00e7\u00f5es e ofertas exclusivas.<\/li>\n<\/ul>\n<p>\u00a0<\/p>\n<p><strong>Inscreva-se hoje!<\/strong> Embarque nesta nova aventura connosco e crie mem\u00f3rias duradouras. Fique atento!<\/p>\t\t\t\t\t\t<\/div>\n\t\t\t\t<\/div>\n\t\t\t\t\t<\/div>\n\t\t\t\t<\/div>\n\t\t<div class=\"elementor-element elementor-element-30b72dd e-flex e-con-boxed e-con e-parent\" data-id=\"30b72dd\" data-element_type=\"container\" data-core-v316-plus=\"true\">\n\t\t\t\t\t<div class=\"e-con-inner\">\n\t\t\t\t<div class=\"elementor-element elementor-element-bc372b5 mas-addons-sticky-no elementor-widget elementor-widget-mas-addons-form\" data-id=\"bc372b5\" data-element_type=\"widget\" data-settings=\"{&quot;mas_addons_sticky&quot;:&quot;no&quot;}\" data-widget_type=\"mas-addons-form.default\">\n\t\t\t\t<div class=\"elementor-widget-container\">\n\t\t\t\n                <div class=\"mas-addons--contactform-wraper  mas-addons-contact-from\">\n            \n<div class=\"wpcf7 no-js\" id=\"wpcf7-f8-o1\" lang=\"fr-FR\" dir=\"ltr\">\n<div class=\"screen-reader-response\"><p role=\"status\" aria-live=\"polite\" aria-atomic=\"true\"><\/p> <ul><\/ul><\/div>\n<form action=\"\/pt\/wp-json\/wp\/v2\/pages\/2#wpcf7-f8-o1\" method=\"post\" class=\"wpcf7-form init\" aria-label=\"Formul\u00e1rio de contato\" novalidate=\"novalidate\" data-status=\"init\" data-trp-original-action=\"\/pt\/wp-json\/wp\/v2\/pages\/2#wpcf7-f8-o1\">\n<div style=\"display: none;\">\n<input type=\"hidden\" name=\"_wpcf7\" value=\"8\" \/>\n<input type=\"hidden\" name=\"_wpcf7_version\" value=\"5.9.3\" \/>\n<input type=\"hidden\" name=\"_wpcf7_locale\" value=\"fr_FR\" \/>\n<input type=\"hidden\" name=\"_wpcf7_unit_tag\" value=\"wpcf7-f8-o1\" \/>\n<input type=\"hidden\" name=\"_wpcf7_container_post\" value=\"0\" \/>\n<input type=\"hidden\" name=\"_wpcf7_posted_data_hash\" value=\"\" \/>\n<\/div>\n<p><label> Nome<br \/>\n<span class=\"wpcf7-form-control-wrap\" data-name=\"your-name\"><input size=\"40\" class=\"wpcf7-form-control wpcf7-text wpcf7-validates-as-required\" autocomplete=\"name\" aria-required=\"true\" aria-invalid=\"false\" value=\"\" type=\"text\" name=\"your-name\" \/><\/span> <\/label>\n<\/p>\n<p><label> E-mail<br \/>\n<span class=\"wpcf7-form-control-wrap\" data-name=\"your-email\"><input size=\"40\" class=\"wpcf7-form-control wpcf7-email wpcf7-validates-as-required wpcf7-text wpcf7-validates-as-email\" autocomplete=\"email\" aria-required=\"true\" aria-invalid=\"false\" value=\"\" type=\"email\" name=\"your-email\" \/><\/span> <\/label>\n<\/p>\n<p><input class=\"wpcf7-form-control wpcf7-submit has-spinner\" type=\"submit\" value=\"Enviar\" \/>\n<\/p><div class=\"wpcf7-response-output\" aria-hidden=\"true\"><\/div>\n<input type=\"hidden\" name=\"trp-form-language\" value=\"pt\"\/><\/form>\n<\/div>\n        <\/div>\n        \t\t<\/div>\n\t\t\t\t<\/div>\n\t\t\t\t\t<\/div>\n\t\t\t\t<\/div>\n\t\t\t\t<\/div>","protected":false},"excerpt":{"rendered":"<p>Em breve: imprima suas hist\u00f3rias Mystorica! \ud83d\udcda\u2728 Prepare-se para trazer suas hist\u00f3rias personalizadas criadas por IA para o mundo real! Junte-se \u00e0 nossa lista de espera agora para ser o primeiro a transformar esses contos m\u00e1gicos em lindos livros impressos. Por que aderir? Seja um dos primeiros a publicar suas hist\u00f3rias. Receba atualiza\u00e7\u00f5es e ofertas exclusivas. Inscrever-se [\u2026]<\/p>","protected":false},"author":1,"featured_media":0,"parent":0,"menu_order":0,"comment_status":"closed","ping_status":"closed","template":"","meta":{"inline_featured_image":false,"footnotes":""},"acf":[],"yoast_head":"<!-- This site is optimized with the Yoast SEO plugin v22.3 - https:\/\/yoast.com\/wordpress\/plugins\/seo\/ -->\n<title>Coming Soon: Print Your Fablea Stories! \ud83d\udcda\u2728 - Talezly.com<\/title>\n<meta name=\"robots\" content=\"index, follow, max-snippet:-1, max-image-preview:large, max-video-preview:-1\" \/>\n<link rel=\"canonical\" href=\"https:\/\/talezly.com\/pt\/waitlist\/\" \/>\n<meta property=\"og:locale\" content=\"pt_PT\" \/>\n<meta property=\"og:type\" content=\"article\" \/>\n<meta property=\"og:title\" content=\"Coming Soon: Print Your Fablea Stories! \ud83d\udcda\u2728 - Talezly.com\" \/>\n<meta property=\"og:description\" content=\"Coming Soon: Print Your Mystorica Stories! \ud83d\udcda\u2728 \u00a0 Get ready to bring your personalized AI-crafted stories into the real world! Join our waitlist now to be the first to turn these magical tales into beautiful, printed books. Why Join? Be among the first to print your stories. Receive exclusive updates and offers. \u00a0 Sign Up [&hellip;]\" \/>\n<meta property=\"og:url\" content=\"https:\/\/talezly.com\/pt\/waitlist\/\" \/>\n<meta property=\"og:site_name\" content=\"Talezly.com\" \/>\n<meta property=\"article:modified_time\" content=\"2023-12-04T15:16:53+00:00\" \/>\n<meta name=\"twitter:card\" content=\"summary_large_image\" \/>\n<meta name=\"twitter:label1\" content=\"Tempo estimado de leitura\" \/>\n\t<meta name=\"twitter:data1\" content=\"1 minuto\" \/>\n<script type=\"application\/ld+json\" class=\"yoast-schema-graph\">{\"@context\":\"https:\/\/schema.org\",\"@graph\":[{\"@type\":\"WebPage\",\"@id\":\"https:\/\/talezly.com\/waitlist\/\",\"url\":\"https:\/\/talezly.com\/waitlist\/\",\"name\":\"Coming Soon: Print Your Fablea Stories! \ud83d\udcda\u2728 - Talezly.com\",\"isPartOf\":{\"@id\":\"https:\/\/talezly.com\/en\/#website\"},\"datePublished\":\"2023-11-22T06:53:06+00:00\",\"dateModified\":\"2023-12-04T15:16:53+00:00\",\"inLanguage\":\"pt-PT\",\"potentialAction\":[{\"@type\":\"ReadAction\",\"target\":[\"https:\/\/talezly.com\/waitlist\/\"]}]},{\"@type\":\"WebSite\",\"@id\":\"https:\/\/talezly.com\/en\/#website\",\"url\":\"https:\/\/talezly.com\/en\/\",\"name\":\"Talezly.com\",\"description\":\"Your personalized bedtime stories\",\"publisher\":{\"@id\":\"https:\/\/talezly.com\/en\/#organization\"},\"potentialAction\":[{\"@type\":\"SearchAction\",\"target\":{\"@type\":\"EntryPoint\",\"urlTemplate\":\"https:\/\/talezly.com\/en\/?s={search_term_string}\"},\"query-input\":\"required name=search_term_string\"}],\"inLanguage\":\"pt-PT\"},{\"@type\":\"Organization\",\"@id\":\"https:\/\/talezly.com\/en\/#organization\",\"name\":\"Talezly.com\",\"url\":\"https:\/\/talezly.com\/en\/\",\"logo\":{\"@type\":\"ImageObject\",\"inLanguage\":\"pt-PT\",\"@id\":\"https:\/\/talezly.com\/en\/#\/schema\/logo\/image\/\",\"url\":\"https:\/\/talezly.com\/wp-content\/uploads\/2023\/11\/Talezly-Logo-White.png\",\"contentUrl\":\"https:\/\/talezly.com\/wp-content\/uploads\/2023\/11\/Talezly-Logo-White.png\",\"width\":425,\"height\":188,\"caption\":\"Talezly.com\"},\"image\":{\"@id\":\"https:\/\/talezly.com\/en\/#\/schema\/logo\/image\/\"},\"sameAs\":[\"https:\/\/www.linkedin.com\/company\/mystorica-app\/\"]}]}<\/script>\n<!-- \/ Yoast SEO plugin. -->","yoast_head_json":{"title":"Coming Soon: Print Your Fablea Stories! \ud83d\udcda\u2728 - Talezly.com","robots":{"index":"index","follow":"follow","max-snippet":"max-snippet:-1","max-image-preview":"max-image-preview:large","max-video-preview":"max-video-preview:-1"},"canonical":"https:\/\/talezly.com\/pt\/waitlist\/","og_locale":"pt_PT","og_type":"article","og_title":"Coming Soon: Print Your Fablea Stories! \ud83d\udcda\u2728 - Talezly.com","og_description":"Coming Soon: Print Your Mystorica Stories! \ud83d\udcda\u2728 \u00a0 Get ready to bring your personalized AI-crafted stories into the real world! Join our waitlist now to be the first to turn these magical tales into beautiful, printed books. Why Join? Be among the first to print your stories. Receive exclusive updates and offers. \u00a0 Sign Up [&hellip;]","og_url":"https:\/\/talezly.com\/pt\/waitlist\/","og_site_name":"Talezly.com","article_modified_time":"2023-12-04T15:16:53+00:00","twitter_card":"summary_large_image","twitter_misc":{"Tempo estimado de leitura":"1 minuto"},"schema":{"@context":"https:\/\/schema.org","@graph":[{"@type":"WebPage","@id":"https:\/\/talezly.com\/waitlist\/","url":"https:\/\/talezly.com\/waitlist\/","name":"Coming Soon: Print Your Fablea Stories! \ud83d\udcda\u2728 - Talezly.com","isPartOf":{"@id":"https:\/\/talezly.com\/en\/#website"},"datePublished":"2023-11-22T06:53:06+00:00","dateModified":"2023-12-04T15:16:53+00:00","inLanguage":"pt-PT","potentialAction":[{"@type":"ReadAction","target":["https:\/\/talezly.com\/waitlist\/"]}]},{"@type":"WebSite","@id":"https:\/\/talezly.com\/en\/#website","url":"https:\/\/talezly.com\/en\/","name":"Talezly.com","description":"Your personalized bedtime stories","publisher":{"@id":"https:\/\/talezly.com\/en\/#organization"},"potentialAction":[{"@type":"SearchAction","target":{"@type":"EntryPoint","urlTemplate":"https:\/\/talezly.com\/en\/?s={search_term_string}"},"query-input":"required name=search_term_string"}],"inLanguage":"pt-PT"},{"@type":"Organization","@id":"https:\/\/talezly.com\/en\/#organization","name":"Talezly.com","url":"https:\/\/talezly.com\/en\/","logo":{"@type":"ImageObject","inLanguage":"pt-PT","@id":"https:\/\/talezly.com\/en\/#\/schema\/logo\/image\/","url":"https:\/\/talezly.com\/wp-content\/uploads\/2023\/11\/Talezly-Logo-White.png","contentUrl":"https:\/\/talezly.com\/wp-content\/uploads\/2023\/11\/Talezly-Logo-White.png","width":425,"height":188,"caption":"Talezly.com"},"image":{"@id":"https:\/\/talezly.com\/en\/#\/schema\/logo\/image\/"},"sameAs":["https:\/\/www.linkedin.com\/company\/mystorica-app\/"]}]}},"_links":{"self":[{"href":"https:\/\/talezly.com\/pt\/wp-json\/wp\/v2\/pages\/2"}],"collection":[{"href":"https:\/\/talezly.com\/pt\/wp-json\/wp\/v2\/pages"}],"about":[{"href":"https:\/\/talezly.com\/pt\/wp-json\/wp\/v2\/types\/page"}],"author":[{"embeddable":true,"href":"https:\/\/talezly.com\/pt\/wp-json\/wp\/v2\/users\/1"}],"replies":[{"embeddable":true,"href":"https:\/\/talezly.com\/pt\/wp-json\/wp\/v2\/comments?post=2"}],"version-history":[{"count":24,"href":"https:\/\/talezly.com\/pt\/wp-json\/wp\/v2\/pages\/2\/revisions"}],"predecessor-version":[{"id":8709,"href":"https:\/\/talezly.com\/pt\/wp-json\/wp\/v2\/pages\/2\/revisions\/8709"}],"wp:attachment":[{"href":"https:\/\/talezly.com\/pt\/wp-json\/wp\/v2\/media?parent=2"}],"curies":[{"name":"wp","href":"https:\/\/api.w.org\/{rel}","templated":true}]}}