{"id":3,"date":"2023-11-22T06:53:06","date_gmt":"2023-11-22T06:53:06","guid":{"rendered":"https:\/\/talezly.com\/?page_id=3"},"modified":"2023-12-04T15:19:26","modified_gmt":"2023-12-04T15:19:26","slug":"terms","status":"publish","type":"page","link":"https:\/\/talezly.com\/pt\/terms\/","title":{"rendered":"Termos"},"content":{"rendered":"<div data-elementor-type=\"wp-page\" data-elementor-id=\"3\" class=\"elementor elementor-3\" data-elementor-post-type=\"page\">\n\t\t\t\t<div class=\"elementor-element elementor-element-38005090 e-flex e-con-boxed e-con e-parent\" data-id=\"38005090\" data-element_type=\"container\" data-core-v316-plus=\"true\">\n\t\t\t\t\t<div class=\"e-con-inner\">\n\t\t\t\t<div class=\"elementor-element elementor-element-5498125e mas-addons-sticky-no elementor-widget elementor-widget-text-editor\" data-id=\"5498125e\" data-element_type=\"widget\" data-settings=\"{&quot;mas_addons_sticky&quot;:&quot;no&quot;}\" data-widget_type=\"text-editor.default\">\n\t\t\t\t<div class=\"elementor-widget-container\">\n\t\t\t<style>\/*! elementor - v3.20.0 - 20-03-2024 *\/\n.elementor-widget-text-editor.elementor-drop-cap-view-stacked .elementor-drop-cap{background-color:#69727d;color:#fff}.elementor-widget-text-editor.elementor-drop-cap-view-framed .elementor-drop-cap{color:#69727d;border:3px solid;background-color:transparent}.elementor-widget-text-editor:not(.elementor-drop-cap-view-default) .elementor-drop-cap{margin-top:8px}.elementor-widget-text-editor:not(.elementor-drop-cap-view-default) .elementor-drop-cap-letter{width:1em;height:1em}.elementor-widget-text-editor .elementor-drop-cap{float:left;text-align:center;line-height:1;font-size:50px}.elementor-widget-text-editor .elementor-drop-cap-letter{display:inline-block}<\/style>\t\t\t\t<!-- wp:heading -->\n<div class=\"w-full text-token-text-primary\" data-testid=\"conversation-turn-5\">\n<div class=\"px-4 py-2 justify-center text-base md:gap-6 m-auto\">\n<div class=\"flex flex-1 text-base mx-auto gap-3 md:px-5 lg:px-1 xl:px-5 md:max-w-3xl lg:max-w-[40rem] xl:max-w-[48rem] } group\">\n<div class=\"relative flex w-full flex-col lg:w-[calc(100%-115px)] agent-turn\">\n<div class=\"flex-col gap-1 md:gap-3\">\n<div class=\"flex flex-grow flex-col max-w-full\">\n<div class=\"min-h-[20px] text-message flex flex-col items-start gap-3 whitespace-pre-wrap break-words [.text-message+&amp;]:mt-5 overflow-x-auto\" data-message-author-role=\"assistant\" data-message-id=\"06cd8761-fc79-4fd6-a693-9a53c1425179\">\n<div class=\"markdown prose w-full break-words dark:prose-invert dark\">\n<h3>Termos e Condi\u00e7\u00f5es do F\u00e1bula<\/h3>\n<p><strong>1. Aceita\u00e7\u00e3o dos Termos<\/strong> Ao acessar ou usar Fablea, um produto da Canigou &amp; Co (SIRET: 952825727), com sede na Fran\u00e7a em 9 Rue des Colonnes, 75002 Paris, os usu\u00e1rios concordam em ficar vinculados a estes termos e condi\u00e7\u00f5es.<\/p>\n<p><strong>2. Elegibilidade do usu\u00e1rio<\/strong> Fablea est\u00e1 dispon\u00edvel para usu\u00e1rios de todas as idades. Crian\u00e7as menores de 18 anos devem usar o aplicativo sob a supervis\u00e3o dos pais ou respons\u00e1vel legal.<\/p>\n<p><strong>3. Personaliza\u00e7\u00e3o e cria\u00e7\u00e3o de conte\u00fado<\/strong><\/p>\n<ul>\n<li>Os usu\u00e1rios podem personalizar hist\u00f3rias fornecendo crit\u00e9rios como nome, idade, tipo de hist\u00f3ria e tema.<\/li>\n<li>As hist\u00f3rias geradas s\u00e3o propriedade da Canigou &amp; Co e n\u00e3o podem ser utilizadas para fins comerciais sem autoriza\u00e7\u00e3o expl\u00edcita.<\/li>\n<\/ul>\n<p><strong>4. Privacidade de dados<\/strong><\/p>\n<ul>\n<li>Respeitamos a privacidade do usu\u00e1rio e armazenamos dados m\u00ednimos (nome de usu\u00e1rio e hist\u00f3rias geradas) exclusivamente para personalizar a experi\u00eancia do aplicativo e melhorar nossa IA.<\/li>\n<li>Nenhum dado pessoal ser\u00e1 partilhado com terceiros sem o consentimento do utilizador, exceto quando exigido por lei.<\/li>\n<\/ul>\n<p><strong>5. Cr\u00e9ditos e Assinatura<\/strong><\/p>\n<ul>\n<li>Fablea opera em um sistema de cr\u00e9dito onde os usu\u00e1rios gastam cr\u00e9ditos para gerar hist\u00f3rias e \u00e1udios.<\/li>\n<li>Os usu\u00e1rios podem obter cr\u00e9ditos por meio de compras no aplicativo ou por meio de um modelo de assinatura premium, que pode incluir benef\u00edcios adicionais.<\/li>\n<\/ul>\n<p><strong>6. Conduta do Usu\u00e1rio<\/strong><\/p>\n<ul>\n<li>Os utilizadores n\u00e3o devem gerar conte\u00fados inapropriados ou que possam prejudicar a imagem e reputa\u00e7\u00e3o da Canigou &amp; Co.<\/li>\n<li>A viola\u00e7\u00e3o destas diretrizes de conduta pode resultar na suspens\u00e3o ou encerramento da conta.<\/li>\n<\/ul>\n<p><strong>7. Encerramento da conta<\/strong><\/p>\n<ul>\n<li>Os usu\u00e1rios podem excluir suas contas por meio da p\u00e1gina de perfil.<\/li>\n<li>Ap\u00f3s a exclus\u00e3o da conta, todos os dados associados ser\u00e3o removidos permanentemente de nossos servidores.<\/li>\n<\/ul>\n<p><strong>8. Altera\u00e7\u00f5es aos Termos<\/strong> Reservamo-nos o direito de modificar estes termos a qualquer momento.<\/p>\n<\/div>\n<\/div>\n<\/div>\n<\/div>\n<\/div>\n<\/div>\n<\/div>\n<\/div>\n<div class=\"w-full text-token-text-primary\" data-testid=\"conversation-turn-7\">\n<div class=\"px-4 py-2 justify-center text-base md:gap-6 m-auto\">\n<div class=\"flex flex-1 text-base mx-auto gap-3 md:px-5 lg:px-1 xl:px-5 md:max-w-3xl lg:max-w-[40rem] xl:max-w-[48rem] } group final-completion\">\n<div class=\"relative flex w-full flex-col lg:w-[calc(100%-115px)] agent-turn\">\n<div class=\"flex-col gap-1 md:gap-3\">\n<div class=\"flex flex-grow flex-col max-w-full\">\n<div class=\"min-h-[20px] text-message flex flex-col items-start gap-3 whitespace-pre-wrap break-words [.text-message+&amp;]:mt-5 overflow-x-auto\" data-message-author-role=\"assistant\" data-message-id=\"69511fa0-8859-4d27-b9cb-f3c46be74ce5\">\n<div class=\"markdown prose w-full break-words dark:prose-invert dark\">\n<p><strong>9. Direitos de Propriedade Intelectual<\/strong><\/p>\n<ul>\n<li>Todo o conte\u00fado gerado pela Fablea, incluindo hist\u00f3rias personalizadas, \u00e9 propriedade intelectual da Canigou &amp; Co.<\/li>\n<li>Os usu\u00e1rios recebem uma licen\u00e7a n\u00e3o exclusiva e intransfer\u00edvel para usar o conte\u00fado para fins pessoais e n\u00e3o comerciais.<\/li>\n<\/ul>\n<p><strong>10. Responsabilidade e Isen\u00e7\u00e3o de Responsabilidade<\/strong><\/p>\n<ul>\n<li>Canigou &amp; Co n\u00e3o \u00e9 respons\u00e1vel por quaisquer danos indiretos, incidentais, especiais, consequenciais ou punitivos resultantes do uso do Fablea.<\/li>\n<li>N\u00e3o garantimos a exatid\u00e3o, integridade ou utilidade de qualquer informa\u00e7\u00e3o no aplicativo e nos isentamos de qualquer responsabilidade por quaisquer erros ou outras imprecis\u00f5es relacionadas ao conte\u00fado ou \u00e0s informa\u00e7\u00f5es fornecidas.<\/li>\n<\/ul>\n<p><strong>11. Informa\u00e7\u00f5es de contato<\/strong> Para qualquer d\u00favida ou preocupa\u00e7\u00e3o sobre estes termos e condi\u00e7\u00f5es, os usu\u00e1rios podem entrar em contato com Canigou &amp; Co no endere\u00e7o fornecido ou atrav\u00e9s de nossos canais de atendimento ao cliente designados.<\/p>\n<\/div>\n<\/div>\n<\/div>\n<\/div>\n<\/div>\n<\/div>\n<\/div>\n<\/div>\n<!-- \/wp:paragraph -->\t\t\t\t\t\t<\/div>\n\t\t\t\t<\/div>\n\t\t\t\t\t<\/div>\n\t\t\t\t<\/div>\n\t\t\t\t<\/div>","protected":false},"excerpt":{"rendered":"<p>Termos e Condi\u00e7\u00f5es do Fablea 1. Aceita\u00e7\u00e3o dos Termos Ao acessar ou utilizar o Fablea, um produto da Canigou &amp; Co (SIRET: 952825727), sediada na Fran\u00e7a, na Rue des Colonnes, 9, 75002 Paris, os usu\u00e1rios concordam em se comprometer com estes termos e condi\u00e7\u00f5es. 2. Elegibilidade do Usu\u00e1rio: O Fablea est\u00e1 dispon\u00edvel para usu\u00e1rios de todas as idades. Crian\u00e7as menores de [\u2026]<\/p>","protected":false},"author":1,"featured_media":0,"parent":0,"menu_order":0,"comment_status":"closed","ping_status":"closed","template":"","meta":{"inline_featured_image":false,"footnotes":""},"acf":[],"yoast_head":"<!-- This site is optimized with the Yoast SEO plugin v22.3 - https:\/\/yoast.com\/wordpress\/plugins\/seo\/ -->\n<title>Terms - Talezly.com<\/title>\n<meta name=\"robots\" content=\"index, follow, max-snippet:-1, max-image-preview:large, max-video-preview:-1\" \/>\n<link rel=\"canonical\" href=\"https:\/\/talezly.com\/pt\/terms\/\" \/>\n<meta property=\"og:locale\" content=\"pt_PT\" \/>\n<meta property=\"og:type\" content=\"article\" \/>\n<meta property=\"og:title\" content=\"Terms - Talezly.com\" \/>\n<meta property=\"og:description\" content=\"Terms and Conditions for Fablea 1. Acceptance of Terms By accessing or using Fablea, a product of Canigou &amp; Co (SIRET: 952825727), based in France at 9 Rue des Colonnes, 75002 Paris, users agree to be bound by these terms and conditions. 2. User Eligibility Fablea is available for users of all ages. Children under [&hellip;]\" \/>\n<meta property=\"og:url\" content=\"https:\/\/talezly.com\/pt\/terms\/\" \/>\n<meta property=\"og:site_name\" content=\"Talezly.com\" \/>\n<meta property=\"article:modified_time\" content=\"2023-12-04T15:19:26+00:00\" \/>\n<meta name=\"twitter:card\" content=\"summary_large_image\" \/>\n<meta name=\"twitter:label1\" content=\"Tempo estimado de leitura\" \/>\n\t<meta name=\"twitter:data1\" content=\"2 minutos\" \/>\n<script type=\"application\/ld+json\" class=\"yoast-schema-graph\">{\"@context\":\"https:\/\/schema.org\",\"@graph\":[{\"@type\":\"WebPage\",\"@id\":\"https:\/\/talezly.com\/terms\/\",\"url\":\"https:\/\/talezly.com\/terms\/\",\"name\":\"Terms - Talezly.com\",\"isPartOf\":{\"@id\":\"https:\/\/talezly.com\/en\/#website\"},\"datePublished\":\"2023-11-22T06:53:06+00:00\",\"dateModified\":\"2023-12-04T15:19:26+00:00\",\"inLanguage\":\"pt-PT\",\"potentialAction\":[{\"@type\":\"ReadAction\",\"target\":[\"https:\/\/talezly.com\/terms\/\"]}]},{\"@type\":\"WebSite\",\"@id\":\"https:\/\/talezly.com\/en\/#website\",\"url\":\"https:\/\/talezly.com\/en\/\",\"name\":\"Talezly.com\",\"description\":\"Your personalized bedtime stories\",\"publisher\":{\"@id\":\"https:\/\/talezly.com\/en\/#organization\"},\"potentialAction\":[{\"@type\":\"SearchAction\",\"target\":{\"@type\":\"EntryPoint\",\"urlTemplate\":\"https:\/\/talezly.com\/en\/?s={search_term_string}\"},\"query-input\":\"required name=search_term_string\"}],\"inLanguage\":\"pt-PT\"},{\"@type\":\"Organization\",\"@id\":\"https:\/\/talezly.com\/en\/#organization\",\"name\":\"Talezly.com\",\"url\":\"https:\/\/talezly.com\/en\/\",\"logo\":{\"@type\":\"ImageObject\",\"inLanguage\":\"pt-PT\",\"@id\":\"https:\/\/talezly.com\/en\/#\/schema\/logo\/image\/\",\"url\":\"https:\/\/talezly.com\/wp-content\/uploads\/2023\/11\/Talezly-Logo-White.png\",\"contentUrl\":\"https:\/\/talezly.com\/wp-content\/uploads\/2023\/11\/Talezly-Logo-White.png\",\"width\":425,\"height\":188,\"caption\":\"Talezly.com\"},\"image\":{\"@id\":\"https:\/\/talezly.com\/en\/#\/schema\/logo\/image\/\"},\"sameAs\":[\"https:\/\/www.linkedin.com\/company\/mystorica-app\/\"]}]}<\/script>\n<!-- \/ Yoast SEO plugin. -->","yoast_head_json":{"title":"Terms - Talezly.com","robots":{"index":"index","follow":"follow","max-snippet":"max-snippet:-1","max-image-preview":"max-image-preview:large","max-video-preview":"max-video-preview:-1"},"canonical":"https:\/\/talezly.com\/pt\/terms\/","og_locale":"pt_PT","og_type":"article","og_title":"Terms - Talezly.com","og_description":"Terms and Conditions for Fablea 1. Acceptance of Terms By accessing or using Fablea, a product of Canigou &amp; Co (SIRET: 952825727), based in France at 9 Rue des Colonnes, 75002 Paris, users agree to be bound by these terms and conditions. 2. User Eligibility Fablea is available for users of all ages. Children under [&hellip;]","og_url":"https:\/\/talezly.com\/pt\/terms\/","og_site_name":"Talezly.com","article_modified_time":"2023-12-04T15:19:26+00:00","twitter_card":"summary_large_image","twitter_misc":{"Tempo estimado de leitura":"2 minutos"},"schema":{"@context":"https:\/\/schema.org","@graph":[{"@type":"WebPage","@id":"https:\/\/talezly.com\/terms\/","url":"https:\/\/talezly.com\/terms\/","name":"Terms - Talezly.com","isPartOf":{"@id":"https:\/\/talezly.com\/en\/#website"},"datePublished":"2023-11-22T06:53:06+00:00","dateModified":"2023-12-04T15:19:26+00:00","inLanguage":"pt-PT","potentialAction":[{"@type":"ReadAction","target":["https:\/\/talezly.com\/terms\/"]}]},{"@type":"WebSite","@id":"https:\/\/talezly.com\/en\/#website","url":"https:\/\/talezly.com\/en\/","name":"Talezly.com","description":"Your personalized bedtime stories","publisher":{"@id":"https:\/\/talezly.com\/en\/#organization"},"potentialAction":[{"@type":"SearchAction","target":{"@type":"EntryPoint","urlTemplate":"https:\/\/talezly.com\/en\/?s={search_term_string}"},"query-input":"required name=search_term_string"}],"inLanguage":"pt-PT"},{"@type":"Organization","@id":"https:\/\/talezly.com\/en\/#organization","name":"Talezly.com","url":"https:\/\/talezly.com\/en\/","logo":{"@type":"ImageObject","inLanguage":"pt-PT","@id":"https:\/\/talezly.com\/en\/#\/schema\/logo\/image\/","url":"https:\/\/talezly.com\/wp-content\/uploads\/2023\/11\/Talezly-Logo-White.png","contentUrl":"https:\/\/talezly.com\/wp-content\/uploads\/2023\/11\/Talezly-Logo-White.png","width":425,"height":188,"caption":"Talezly.com"},"image":{"@id":"https:\/\/talezly.com\/en\/#\/schema\/logo\/image\/"},"sameAs":["https:\/\/www.linkedin.com\/company\/mystorica-app\/"]}]}},"_links":{"self":[{"href":"https:\/\/talezly.com\/pt\/wp-json\/wp\/v2\/pages\/3"}],"collection":[{"href":"https:\/\/talezly.com\/pt\/wp-json\/wp\/v2\/pages"}],"about":[{"href":"https:\/\/talezly.com\/pt\/wp-json\/wp\/v2\/types\/page"}],"author":[{"embeddable":true,"href":"https:\/\/talezly.com\/pt\/wp-json\/wp\/v2\/users\/1"}],"replies":[{"embeddable":true,"href":"https:\/\/talezly.com\/pt\/wp-json\/wp\/v2\/comments?post=3"}],"version-history":[{"count":8,"href":"https:\/\/talezly.com\/pt\/wp-json\/wp\/v2\/pages\/3\/revisions"}],"predecessor-version":[{"id":8712,"href":"https:\/\/talezly.com\/pt\/wp-json\/wp\/v2\/pages\/3\/revisions\/8712"}],"wp:attachment":[{"href":"https:\/\/talezly.com\/pt\/wp-json\/wp\/v2\/media?parent=3"}],"curies":[{"name":"wp","href":"https:\/\/api.w.org\/{rel}","templated":true}]}}